{"id":97,"date":"2013-08-11T19:06:15","date_gmt":"2013-08-11T22:06:15","guid":{"rendered":"http:\/\/localhost:8888\/test\/?page_id=520"},"modified":"2025-09-16T20:52:18","modified_gmt":"2025-09-16T23:52:18","slug":"nosotros","status":"publish","type":"page","link":"https:\/\/dronecleaner-latam.com\/en\/nosotros\/","title":{"rendered":"Nosotros"},"content":{"rendered":"<div class=\"banner has-hover has-parallax\" id=\"banner-807896178\">\n          <div class=\"banner-inner fill\">\n        <div class=\"banner-bg fill\" data-parallax=\"-3\" data-parallax-container=\".banner\" data-parallax-background>\n            <img loading=\"lazy\" decoding=\"async\" width=\"1600\" height=\"738\" src=\"https:\/\/dronecleaner-latam.com\/wp-content\/uploads\/2025\/09\/2086fe5c-fb11-4223-b88f-67f58bdb26d4.jpg\" class=\"bg attachment-original size-original\" alt=\"\" \/>                                    \n                    <\/div>\n\t\t\n        <div class=\"banner-layers container\">\n            <div class=\"fill banner-link\"><\/div>            \n\n   <div id=\"text-box-989848146\" class=\"text-box banner-layer x50 md-x50 lg-x50 y60 md-y70 lg-y70 res-text\">\n                                <div class=\"text-box-content text dark\">\n              \n              <div class=\"text-inner text-center\">\n                  \n\n\t<div id=\"text-3217717972\" class=\"text\">\n\t\t\n\n<h1 class=\"lead\"><b>About Us<\/b><\/h1>\n<p class=\"lead\">\u00a0<\/p>\n\t\t\n<style>\n#text-3217717972 {\n  text-align: center;\n}\n<\/style>\n\t<\/div>\n\t\n\n              <\/div>\n           <\/div>\n                            \n<style>\n#text-box-989848146 {\n  width: 89%;\n}\n#text-box-989848146 .text-box-content {\n  font-size: 100%;\n}\n@media (min-width:550px) {\n  #text-box-989848146 {\n    width: 82%;\n  }\n}\n<\/style>\n    <\/div>\n \n\n        <\/div>\n      <\/div>\n\n            \n<style>\n#banner-807896178 {\n  padding-top: 517px;\n}\n#banner-807896178 .banner-bg img {\n  object-position: 54% 45%;\n}\n<\/style>\n  <\/div>\n\n\n<div class=\"row\"  id=\"row-562771671\">\n\n\n\t<div id=\"col-781355742\" class=\"col small-12 large-12\"  >\n\t\t\t\t<div class=\"col-inner\"  >\n\t\t\t\n\t\t\t\n\n<h4 style=\"text-align: center;\">We are a mexican company looking to innovate and transform the shapes of cleaning in a more effective and safer. thus creating ways to prevent the risk to workers and the surrounding areas<br \/>We create a unique model of cleaning which consists of a drone that clean the entire outside surface of a safe and effective manner<br \/>The model of drone is bigger than usual, for which he SUSTAINS a HIGH-pressure hose that this is POWERED from the surface and in this way the drone generates its mapping of the job and executes it, always commanded by a pilot.<\/h4>\n<div class=\"text-center\"><div class=\"is-divider divider clearfix\" ><\/div><\/div>\n\n\n\t\t<\/div>\n\t\t\t\t\t<\/div>\n\n\t\n\n<\/div>\n<div class=\"row\"  id=\"row-1093471126\">\n\n\n\t<div id=\"col-1977774944\" class=\"col medium-3 small-6 large-3\"  >\n\t\t\t\t<div class=\"col-inner\"  >\n\t\t\t\n\t\t\t\n\n\t<div class=\"img has-hover x md-x lg-x y md-y lg-y\" id=\"image_904920298\">\n\t\t\t\t\t\t\t\t<div class=\"img-inner dark\" >\n\t\t\t<img loading=\"lazy\" decoding=\"async\" width=\"533\" height=\"800\" src=\"https:\/\/dronecleaner-latam.com\/wp-content\/uploads\/2025\/09\/Rectangle-35-3-533x800.png\" class=\"attachment-large size-large\" alt=\"\" srcset=\"https:\/\/dronecleaner-latam.com\/wp-content\/uploads\/2025\/09\/Rectangle-35-3-533x800.png 533w, https:\/\/dronecleaner-latam.com\/wp-content\/uploads\/2025\/09\/Rectangle-35-3-267x400.png 267w, https:\/\/dronecleaner-latam.com\/wp-content\/uploads\/2025\/09\/Rectangle-35-3-768x1152.png 768w, https:\/\/dronecleaner-latam.com\/wp-content\/uploads\/2025\/09\/Rectangle-35-3-1024x1536.png 1024w, https:\/\/dronecleaner-latam.com\/wp-content\/uploads\/2025\/09\/Rectangle-35-3-1365x2048.png 1365w, https:\/\/dronecleaner-latam.com\/wp-content\/uploads\/2025\/09\/Rectangle-35-3-8x12.png 8w\" sizes=\"auto, (max-width: 533px) 100vw, 533px\" \/>\t\t\t\t\t\t\n\t\t\t\t\t<\/div>\n\t\t\t\t\t\t\t\t\n<style>\n#image_904920298 {\n  width: 100%;\n}\n<\/style>\n\t<\/div>\n\t\n\n\n\t\t<\/div>\n\t\t\t\t\t<\/div>\n\n\t\n\n\t<div id=\"col-301555258\" class=\"col medium-3 small-6 large-3\"  >\n\t\t\t\t<div class=\"col-inner\"  >\n\t\t\t\n\t\t\t\n\n\t<div class=\"img has-hover x md-x lg-x y md-y lg-y\" id=\"image_258620425\">\n\t\t\t\t\t\t\t\t<div class=\"img-inner dark\" >\n\t\t\t<img loading=\"lazy\" decoding=\"async\" width=\"533\" height=\"800\" src=\"https:\/\/dronecleaner-latam.com\/wp-content\/uploads\/2025\/09\/Rectangle-35-533x800.png\" class=\"attachment-large size-large\" alt=\"\" srcset=\"https:\/\/dronecleaner-latam.com\/wp-content\/uploads\/2025\/09\/Rectangle-35-533x800.png 533w, https:\/\/dronecleaner-latam.com\/wp-content\/uploads\/2025\/09\/Rectangle-35-267x400.png 267w, https:\/\/dronecleaner-latam.com\/wp-content\/uploads\/2025\/09\/Rectangle-35-768x1152.png 768w, https:\/\/dronecleaner-latam.com\/wp-content\/uploads\/2025\/09\/Rectangle-35-1024x1536.png 1024w, https:\/\/dronecleaner-latam.com\/wp-content\/uploads\/2025\/09\/Rectangle-35-1365x2048.png 1365w, https:\/\/dronecleaner-latam.com\/wp-content\/uploads\/2025\/09\/Rectangle-35-8x12.png 8w\" sizes=\"auto, (max-width: 533px) 100vw, 533px\" \/>\t\t\t\t\t\t\n\t\t\t\t\t<\/div>\n\t\t\t\t\t\t\t\t\n<style>\n#image_258620425 {\n  width: 100%;\n}\n<\/style>\n\t<\/div>\n\t\n\n\n\t\t<\/div>\n\t\t\t\t\t<\/div>\n\n\t\n\n\t<div id=\"col-1993345680\" class=\"col medium-3 small-6 large-3\"  >\n\t\t\t\t<div class=\"col-inner\"  >\n\t\t\t\n\t\t\t\n\n\t<div class=\"img has-hover x md-x lg-x y md-y lg-y\" id=\"image_160143214\">\n\t\t\t\t\t\t\t\t<div class=\"img-inner dark\" >\n\t\t\t<img loading=\"lazy\" decoding=\"async\" width=\"533\" height=\"800\" src=\"https:\/\/dronecleaner-latam.com\/wp-content\/uploads\/2025\/09\/Rectangle-33-533x800.png\" class=\"attachment-large size-large\" alt=\"\" srcset=\"https:\/\/dronecleaner-latam.com\/wp-content\/uploads\/2025\/09\/Rectangle-33-533x800.png 533w, https:\/\/dronecleaner-latam.com\/wp-content\/uploads\/2025\/09\/Rectangle-33-267x400.png 267w, https:\/\/dronecleaner-latam.com\/wp-content\/uploads\/2025\/09\/Rectangle-33-768x1152.png 768w, https:\/\/dronecleaner-latam.com\/wp-content\/uploads\/2025\/09\/Rectangle-33-1024x1536.png 1024w, https:\/\/dronecleaner-latam.com\/wp-content\/uploads\/2025\/09\/Rectangle-33-1365x2048.png 1365w, https:\/\/dronecleaner-latam.com\/wp-content\/uploads\/2025\/09\/Rectangle-33-8x12.png 8w\" sizes=\"auto, (max-width: 533px) 100vw, 533px\" \/>\t\t\t\t\t\t\n\t\t\t\t\t<\/div>\n\t\t\t\t\t\t\t\t\n<style>\n#image_160143214 {\n  width: 100%;\n}\n<\/style>\n\t<\/div>\n\t\n\n\n\t\t<\/div>\n\t\t\t\t\t<\/div>\n\n\t\n\n\t<div id=\"col-170428784\" class=\"col medium-3 small-6 large-3\"  >\n\t\t\t\t<div class=\"col-inner\"  >\n\t\t\t\n\t\t\t\n\n\t<div class=\"img has-hover x md-x lg-x y md-y lg-y\" id=\"image_1582001224\">\n\t\t\t\t\t\t\t\t<div class=\"img-inner dark\" >\n\t\t\t<img loading=\"lazy\" decoding=\"async\" width=\"533\" height=\"800\" src=\"https:\/\/dronecleaner-latam.com\/wp-content\/uploads\/2025\/09\/Rectangle-32-533x800.png\" class=\"attachment-large size-large\" alt=\"\" srcset=\"https:\/\/dronecleaner-latam.com\/wp-content\/uploads\/2025\/09\/Rectangle-32-533x800.png 533w, https:\/\/dronecleaner-latam.com\/wp-content\/uploads\/2025\/09\/Rectangle-32-267x400.png 267w, https:\/\/dronecleaner-latam.com\/wp-content\/uploads\/2025\/09\/Rectangle-32-768x1152.png 768w, https:\/\/dronecleaner-latam.com\/wp-content\/uploads\/2025\/09\/Rectangle-32-1024x1536.png 1024w, https:\/\/dronecleaner-latam.com\/wp-content\/uploads\/2025\/09\/Rectangle-32-1365x2048.png 1365w, https:\/\/dronecleaner-latam.com\/wp-content\/uploads\/2025\/09\/Rectangle-32-8x12.png 8w\" sizes=\"auto, (max-width: 533px) 100vw, 533px\" \/>\t\t\t\t\t\t\n\t\t\t\t\t<\/div>\n\t\t\t\t\t\t\t\t\n<style>\n#image_1582001224 {\n  width: 100%;\n}\n<\/style>\n\t<\/div>\n\t\n\n\n\t\t<\/div>\n\t\t\t\t\t<\/div>\n\n\t\n\n<\/div>\n<div class=\"row\"  id=\"row-985268007\">\n\n\n\t<div id=\"col-1505496422\" class=\"col medium-3 small-6 large-3\"  >\n\t\t\t\t<div class=\"col-inner\"  >\n\t\t\t\n\t\t\t\n\n\t<div class=\"img has-hover x md-x lg-x y md-y lg-y\" id=\"image_770868569\">\n\t\t\t\t\t\t\t\t<div class=\"img-inner dark\" >\n\t\t\t<img loading=\"lazy\" decoding=\"async\" width=\"533\" height=\"800\" src=\"https:\/\/dronecleaner-latam.com\/wp-content\/uploads\/2025\/09\/Rectangle-31-4-533x800.png\" class=\"attachment-large size-large\" alt=\"\" srcset=\"https:\/\/dronecleaner-latam.com\/wp-content\/uploads\/2025\/09\/Rectangle-31-4-533x800.png 533w, https:\/\/dronecleaner-latam.com\/wp-content\/uploads\/2025\/09\/Rectangle-31-4-267x400.png 267w, https:\/\/dronecleaner-latam.com\/wp-content\/uploads\/2025\/09\/Rectangle-31-4-768x1152.png 768w, https:\/\/dronecleaner-latam.com\/wp-content\/uploads\/2025\/09\/Rectangle-31-4-1024x1536.png 1024w, https:\/\/dronecleaner-latam.com\/wp-content\/uploads\/2025\/09\/Rectangle-31-4-1365x2048.png 1365w, https:\/\/dronecleaner-latam.com\/wp-content\/uploads\/2025\/09\/Rectangle-31-4-8x12.png 8w\" sizes=\"auto, (max-width: 533px) 100vw, 533px\" \/>\t\t\t\t\t\t\n\t\t\t\t\t<\/div>\n\t\t\t\t\t\t\t\t\n<style>\n#image_770868569 {\n  width: 100%;\n}\n<\/style>\n\t<\/div>\n\t\n\n\n\t\t<\/div>\n\t\t\t\t\t<\/div>\n\n\t\n\n\t<div id=\"col-1169575978\" class=\"col medium-3 small-6 large-3\"  >\n\t\t\t\t<div class=\"col-inner\"  >\n\t\t\t\n\t\t\t\n\n\t<div class=\"img has-hover x md-x lg-x y md-y lg-y\" id=\"image_1887534580\">\n\t\t\t\t\t\t\t\t<div class=\"img-inner dark\" >\n\t\t\t<img loading=\"lazy\" decoding=\"async\" width=\"533\" height=\"800\" src=\"https:\/\/dronecleaner-latam.com\/wp-content\/uploads\/2025\/09\/Rectangle-30-533x800.png\" class=\"attachment-large size-large\" alt=\"\" srcset=\"https:\/\/dronecleaner-latam.com\/wp-content\/uploads\/2025\/09\/Rectangle-30-533x800.png 533w, https:\/\/dronecleaner-latam.com\/wp-content\/uploads\/2025\/09\/Rectangle-30-267x400.png 267w, https:\/\/dronecleaner-latam.com\/wp-content\/uploads\/2025\/09\/Rectangle-30-768x1152.png 768w, https:\/\/dronecleaner-latam.com\/wp-content\/uploads\/2025\/09\/Rectangle-30-1024x1536.png 1024w, https:\/\/dronecleaner-latam.com\/wp-content\/uploads\/2025\/09\/Rectangle-30-1365x2048.png 1365w, https:\/\/dronecleaner-latam.com\/wp-content\/uploads\/2025\/09\/Rectangle-30-8x12.png 8w\" sizes=\"auto, (max-width: 533px) 100vw, 533px\" \/>\t\t\t\t\t\t\n\t\t\t\t\t<\/div>\n\t\t\t\t\t\t\t\t\n<style>\n#image_1887534580 {\n  width: 100%;\n}\n<\/style>\n\t<\/div>\n\t\n\n\n\t\t<\/div>\n\t\t\t\t\t<\/div>\n\n\t\n\n\t<div id=\"col-699916004\" class=\"col medium-3 small-6 large-3\"  >\n\t\t\t\t<div class=\"col-inner\"  >\n\t\t\t\n\t\t\t\n\n\t<div class=\"img has-hover x md-x lg-x y md-y lg-y\" id=\"image_1981615131\">\n\t\t\t\t\t\t\t\t<div class=\"img-inner dark\" >\n\t\t\t<img loading=\"lazy\" decoding=\"async\" width=\"533\" height=\"800\" src=\"https:\/\/dronecleaner-latam.com\/wp-content\/uploads\/2025\/09\/Rectangle-33-4-533x800.png\" class=\"attachment-large size-large\" alt=\"\" srcset=\"https:\/\/dronecleaner-latam.com\/wp-content\/uploads\/2025\/09\/Rectangle-33-4-533x800.png 533w, https:\/\/dronecleaner-latam.com\/wp-content\/uploads\/2025\/09\/Rectangle-33-4-267x400.png 267w, https:\/\/dronecleaner-latam.com\/wp-content\/uploads\/2025\/09\/Rectangle-33-4-768x1152.png 768w, https:\/\/dronecleaner-latam.com\/wp-content\/uploads\/2025\/09\/Rectangle-33-4-1024x1536.png 1024w, https:\/\/dronecleaner-latam.com\/wp-content\/uploads\/2025\/09\/Rectangle-33-4-1365x2048.png 1365w, https:\/\/dronecleaner-latam.com\/wp-content\/uploads\/2025\/09\/Rectangle-33-4-8x12.png 8w\" sizes=\"auto, (max-width: 533px) 100vw, 533px\" \/>\t\t\t\t\t\t\n\t\t\t\t\t<\/div>\n\t\t\t\t\t\t\t\t\n<style>\n#image_1981615131 {\n  width: 100%;\n}\n<\/style>\n\t<\/div>\n\t\n\n\n\t\t<\/div>\n\t\t\t\t\t<\/div>\n\n\t\n\n\t<div id=\"col-1058146723\" class=\"col medium-3 small-6 large-3\"  >\n\t\t\t\t<div class=\"col-inner\"  >\n\t\t\t\n\t\t\t\n\n\t<div class=\"img has-hover x md-x lg-x y md-y lg-y\" id=\"image_436540420\">\n\t\t\t\t\t\t\t\t<div class=\"img-inner dark\" >\n\t\t\t<img loading=\"lazy\" decoding=\"async\" width=\"533\" height=\"800\" src=\"https:\/\/dronecleaner-latam.com\/wp-content\/uploads\/2025\/09\/Rectangle-32-3-533x800.png\" class=\"attachment-large size-large\" alt=\"\" srcset=\"https:\/\/dronecleaner-latam.com\/wp-content\/uploads\/2025\/09\/Rectangle-32-3-533x800.png 533w, https:\/\/dronecleaner-latam.com\/wp-content\/uploads\/2025\/09\/Rectangle-32-3-267x400.png 267w, https:\/\/dronecleaner-latam.com\/wp-content\/uploads\/2025\/09\/Rectangle-32-3-768x1152.png 768w, https:\/\/dronecleaner-latam.com\/wp-content\/uploads\/2025\/09\/Rectangle-32-3-1024x1536.png 1024w, https:\/\/dronecleaner-latam.com\/wp-content\/uploads\/2025\/09\/Rectangle-32-3-1365x2048.png 1365w, https:\/\/dronecleaner-latam.com\/wp-content\/uploads\/2025\/09\/Rectangle-32-3-8x12.png 8w\" sizes=\"auto, (max-width: 533px) 100vw, 533px\" \/>\t\t\t\t\t\t\n\t\t\t\t\t<\/div>\n\t\t\t\t\t\t\t\t\n<style>\n#image_436540420 {\n  width: 100%;\n}\n<\/style>\n\t<\/div>\n\t\n\n\n\t\t<\/div>\n\t\t\t\t\t<\/div>\n\n\t\n\n<\/div>","protected":false},"excerpt":{"rendered":"","protected":false},"author":4,"featured_media":620,"parent":0,"menu_order":0,"comment_status":"closed","ping_status":"closed","template":"page-transparent-header-light.php","meta":{"_joinchat":[],"footnotes":""},"class_list":["post-97","page","type-page","status-publish","has-post-thumbnail","hentry"],"yoast_head":"<!-- This site is optimized with the Yoast SEO plugin v25.9 - https:\/\/yoast.com\/wordpress\/plugins\/seo\/ -->\n<title>Nosotros | Drone Cleaner<\/title>\n<meta name=\"description\" content=\"Somos una empresa mexicana buscando innovar y transformar las formas de limpieza de una manera mas eficaz y segura.\" \/>\n<meta name=\"robots\" content=\"index, follow, max-snippet:-1, max-image-preview:large, max-video-preview:-1\" \/>\n<link rel=\"canonical\" href=\"https:\/\/dronecleaner-latam.com\/en\/nosotros\/\" \/>\n<meta property=\"og:locale\" content=\"en_US\" \/>\n<meta property=\"og:type\" content=\"article\" \/>\n<meta property=\"og:title\" content=\"Nosotros | Drone Cleaner\" \/>\n<meta property=\"og:description\" content=\"Somos una empresa mexicana buscando innovar y transformar las formas de limpieza de una manera mas eficaz y segura.\" \/>\n<meta property=\"og:url\" content=\"https:\/\/dronecleaner-latam.com\/en\/nosotros\/\" \/>\n<meta property=\"og:site_name\" content=\"Dronecleaner\" \/>\n<meta property=\"article:modified_time\" content=\"2025-09-16T23:52:18+00:00\" \/>\n<meta property=\"og:image\" content=\"https:\/\/dronecleaner-latam.com\/wp-content\/uploads\/2023\/09\/fondo.jpg\" \/>\n\t<meta property=\"og:image:width\" content=\"180\" \/>\n\t<meta property=\"og:image:height\" content=\"164\" \/>\n\t<meta property=\"og:image:type\" content=\"image\/jpeg\" \/>\n<meta name=\"twitter:card\" content=\"summary_large_image\" \/>\n<meta name=\"twitter:label1\" content=\"Est. reading time\" \/>\n\t<meta name=\"twitter:data1\" content=\"2 minutes\" \/>\n<script type=\"application\/ld+json\" class=\"yoast-schema-graph\">{\"@context\":\"https:\/\/schema.org\",\"@graph\":[{\"@type\":\"WebPage\",\"@id\":\"https:\/\/dronecleaner-latam.com\/nosotros\/\",\"url\":\"https:\/\/dronecleaner-latam.com\/nosotros\/\",\"name\":\"Nosotros | Drone Cleaner\",\"isPartOf\":{\"@id\":\"https:\/\/dronecleaner-latam.com\/#website\"},\"primaryImageOfPage\":{\"@id\":\"https:\/\/dronecleaner-latam.com\/nosotros\/#primaryimage\"},\"image\":{\"@id\":\"https:\/\/dronecleaner-latam.com\/nosotros\/#primaryimage\"},\"thumbnailUrl\":\"https:\/\/dronecleaner-latam.com\/wp-content\/uploads\/2023\/09\/fondo.jpg\",\"datePublished\":\"2013-08-11T22:06:15+00:00\",\"dateModified\":\"2025-09-16T23:52:18+00:00\",\"description\":\"Somos una empresa mexicana buscando innovar y transformar las formas de limpieza de una manera mas eficaz y segura.\",\"breadcrumb\":{\"@id\":\"https:\/\/dronecleaner-latam.com\/nosotros\/#breadcrumb\"},\"inLanguage\":\"en-US\",\"potentialAction\":[{\"@type\":\"ReadAction\",\"target\":[\"https:\/\/dronecleaner-latam.com\/nosotros\/\"]}]},{\"@type\":\"ImageObject\",\"inLanguage\":\"en-US\",\"@id\":\"https:\/\/dronecleaner-latam.com\/nosotros\/#primaryimage\",\"url\":\"https:\/\/dronecleaner-latam.com\/wp-content\/uploads\/2023\/09\/fondo.jpg\",\"contentUrl\":\"https:\/\/dronecleaner-latam.com\/wp-content\/uploads\/2023\/09\/fondo.jpg\",\"width\":180,\"height\":164},{\"@type\":\"BreadcrumbList\",\"@id\":\"https:\/\/dronecleaner-latam.com\/nosotros\/#breadcrumb\",\"itemListElement\":[{\"@type\":\"ListItem\",\"position\":1,\"name\":\"Inicio\",\"item\":\"https:\/\/dronecleaner-latam.com\/\"},{\"@type\":\"ListItem\",\"position\":2,\"name\":\"Nosotros\"}]},{\"@type\":\"WebSite\",\"@id\":\"https:\/\/dronecleaner-latam.com\/#website\",\"url\":\"https:\/\/dronecleaner-latam.com\/\",\"name\":\"Dronecleaner\",\"description\":\"Nuestro equipo de drones equipados con avanzados sistemas de limpieza realiza tareas de limpieza a\u00e9rea, abordando \u00e1reas de dif\u00edcil acceso y proporcionando soluciones r\u00e1pidas\",\"potentialAction\":[{\"@type\":\"SearchAction\",\"target\":{\"@type\":\"EntryPoint\",\"urlTemplate\":\"https:\/\/dronecleaner-latam.com\/?s={search_term_string}\"},\"query-input\":{\"@type\":\"PropertyValueSpecification\",\"valueRequired\":true,\"valueName\":\"search_term_string\"}}],\"inLanguage\":\"en-US\"}]}<\/script>\n<!-- \/ Yoast SEO plugin. -->","yoast_head_json":{"title":"Nosotros | Drone Cleaner","description":"Somos una empresa mexicana buscando innovar y transformar las formas de limpieza de una manera mas eficaz y segura.","robots":{"index":"index","follow":"follow","max-snippet":"max-snippet:-1","max-image-preview":"max-image-preview:large","max-video-preview":"max-video-preview:-1"},"canonical":"https:\/\/dronecleaner-latam.com\/en\/nosotros\/","og_locale":"en_US","og_type":"article","og_title":"Nosotros | Drone Cleaner","og_description":"Somos una empresa mexicana buscando innovar y transformar las formas de limpieza de una manera mas eficaz y segura.","og_url":"https:\/\/dronecleaner-latam.com\/en\/nosotros\/","og_site_name":"Dronecleaner","article_modified_time":"2025-09-16T23:52:18+00:00","og_image":[{"width":180,"height":164,"url":"https:\/\/dronecleaner-latam.com\/wp-content\/uploads\/2023\/09\/fondo.jpg","type":"image\/jpeg"}],"twitter_card":"summary_large_image","twitter_misc":{"Est. reading time":"2 minutes"},"schema":{"@context":"https:\/\/schema.org","@graph":[{"@type":"WebPage","@id":"https:\/\/dronecleaner-latam.com\/nosotros\/","url":"https:\/\/dronecleaner-latam.com\/nosotros\/","name":"Nosotros | Drone Cleaner","isPartOf":{"@id":"https:\/\/dronecleaner-latam.com\/#website"},"primaryImageOfPage":{"@id":"https:\/\/dronecleaner-latam.com\/nosotros\/#primaryimage"},"image":{"@id":"https:\/\/dronecleaner-latam.com\/nosotros\/#primaryimage"},"thumbnailUrl":"https:\/\/dronecleaner-latam.com\/wp-content\/uploads\/2023\/09\/fondo.jpg","datePublished":"2013-08-11T22:06:15+00:00","dateModified":"2025-09-16T23:52:18+00:00","description":"Somos una empresa mexicana buscando innovar y transformar las formas de limpieza de una manera mas eficaz y segura.","breadcrumb":{"@id":"https:\/\/dronecleaner-latam.com\/nosotros\/#breadcrumb"},"inLanguage":"en-US","potentialAction":[{"@type":"ReadAction","target":["https:\/\/dronecleaner-latam.com\/nosotros\/"]}]},{"@type":"ImageObject","inLanguage":"en-US","@id":"https:\/\/dronecleaner-latam.com\/nosotros\/#primaryimage","url":"https:\/\/dronecleaner-latam.com\/wp-content\/uploads\/2023\/09\/fondo.jpg","contentUrl":"https:\/\/dronecleaner-latam.com\/wp-content\/uploads\/2023\/09\/fondo.jpg","width":180,"height":164},{"@type":"BreadcrumbList","@id":"https:\/\/dronecleaner-latam.com\/nosotros\/#breadcrumb","itemListElement":[{"@type":"ListItem","position":1,"name":"Inicio","item":"https:\/\/dronecleaner-latam.com\/"},{"@type":"ListItem","position":2,"name":"Nosotros"}]},{"@type":"WebSite","@id":"https:\/\/dronecleaner-latam.com\/#website","url":"https:\/\/dronecleaner-latam.com\/","name":"Dronecleaner","description":"Nuestro equipo de drones equipados con avanzados sistemas de limpieza realiza tareas de limpieza a\u00e9rea, abordando \u00e1reas de dif\u00edcil acceso y proporcionando soluciones r\u00e1pidas","potentialAction":[{"@type":"SearchAction","target":{"@type":"EntryPoint","urlTemplate":"https:\/\/dronecleaner-latam.com\/?s={search_term_string}"},"query-input":{"@type":"PropertyValueSpecification","valueRequired":true,"valueName":"search_term_string"}}],"inLanguage":"en-US"}]}},"_links":{"self":[{"href":"https:\/\/dronecleaner-latam.com\/en\/wp-json\/wp\/v2\/pages\/97","targetHints":{"allow":["GET"]}}],"collection":[{"href":"https:\/\/dronecleaner-latam.com\/en\/wp-json\/wp\/v2\/pages"}],"about":[{"href":"https:\/\/dronecleaner-latam.com\/en\/wp-json\/wp\/v2\/types\/page"}],"author":[{"embeddable":true,"href":"https:\/\/dronecleaner-latam.com\/en\/wp-json\/wp\/v2\/users\/4"}],"replies":[{"embeddable":true,"href":"https:\/\/dronecleaner-latam.com\/en\/wp-json\/wp\/v2\/comments?post=97"}],"version-history":[{"count":18,"href":"https:\/\/dronecleaner-latam.com\/en\/wp-json\/wp\/v2\/pages\/97\/revisions"}],"predecessor-version":[{"id":1140,"href":"https:\/\/dronecleaner-latam.com\/en\/wp-json\/wp\/v2\/pages\/97\/revisions\/1140"}],"wp:featuredmedia":[{"embeddable":true,"href":"https:\/\/dronecleaner-latam.com\/en\/wp-json\/wp\/v2\/media\/620"}],"wp:attachment":[{"href":"https:\/\/dronecleaner-latam.com\/en\/wp-json\/wp\/v2\/media?parent=97"}],"curies":[{"name":"wp","href":"https:\/\/api.w.org\/{rel}","templated":true}]}}