{"id":95,"date":"2013-08-11T19:22:53","date_gmt":"2013-08-11T22:22:53","guid":{"rendered":"http:\/\/localhost:8888\/test\/?page_id=532"},"modified":"2025-09-16T20:57:02","modified_gmt":"2025-09-16T23:57:02","slug":"faqs","status":"publish","type":"page","link":"https:\/\/dronecleaner-latam.com\/en\/faqs\/","title":{"rendered":"FAQs"},"content":{"rendered":"<div class=\"row\"  id=\"row-1846024251\">\n\n\n\t<div id=\"col-44691498\" class=\"col large-12\"  >\n\t\t\t\t<div class=\"col-inner\"  >\n\t\t\t\n\t\t\t\n\n\t<div id=\"gap-1400022714\" class=\"gap-element clearfix\" style=\"display:block; height:auto;\">\n\t\t\n<style>\n#gap-1400022714 {\n  padding-top: 30px;\n}\n<\/style>\n\t<\/div>\n\t\n\n\n\t\t<\/div>\n\t\t\t\t\t<\/div>\n\n\t\n\n\t<div id=\"col-1282803337\" class=\"col large-12\"  >\n\t\t\t\t<div class=\"col-inner\"  >\n\t\t\t\n\t\t\t\n\n<div class=\"container section-title-container\" ><h3 class=\"section-title section-title-center\"><b><\/b><span class=\"section-title-main\" >Frequently Asked questions about Our Cleaning Services with Drones<\/span><b><\/b><\/h3><\/div>\n\n<div class=\"accordion\">\n\n\t<div id=\"accordion-603347915\" class=\"accordion-item\">\n\t\t<a id=\"accordion-603347915-label\" class=\"accordion-title plain\" href=\"#accordion-item-\u00bfc\u00f3mo-funcionan-los-drones-en-la-limpieza?\" aria-expanded=\"false\" aria-controls=\"accordion-603347915-content\" >\n\t\t\t<button class=\"toggle\" aria-label=\"Toggle\"><i class=\"icon-angle-down\"><\/i><\/button>\n\t\t\t<span>How do the drones on the cleaning?<\/span>\n\t\t<\/a>\n\t\t<div id=\"accordion-603347915-content\" class=\"accordion-inner\" aria-labelledby=\"accordion-603347915-label\" >\n\t\t\t\n\n<p>The drones use of technology and specialized cleaning equipment to address external areas of difficult access. Controlled by trained operators, these devices offer a clean, efficient and accurate.<\/p>\n\n\t\t<\/div>\n\t<\/div>\n\t\n\t<div id=\"accordion-3776921577\" class=\"accordion-item\">\n\t\t<a id=\"accordion-3776921577-label\" class=\"accordion-title plain\" href=\"#accordion-item-\u00bfqu\u00e9-tipos-de-superficies-pueden-limpiar-los-drones?\" aria-expanded=\"false\" aria-controls=\"accordion-3776921577-content\" >\n\t\t\t<button class=\"toggle\" aria-label=\"Toggle\"><i class=\"icon-angle-down\"><\/i><\/button>\n\t\t\t<span>What types of surfaces can be cleaned drones?<\/span>\n\t\t<\/a>\n\t\t<div id=\"accordion-3776921577-content\" class=\"accordion-inner\" aria-labelledby=\"accordion-3776921577-label\" >\n\t\t\t\n\n<p>Our drones are designed to clean a variety of exterior surfaces, including facades of buildings, crystals in height and other areas difficult to reach.<\/p>\n\n\t\t<\/div>\n\t<\/div>\n\t\n\t<div id=\"accordion-843615810\" class=\"accordion-item\">\n\t\t<a id=\"accordion-843615810-label\" class=\"accordion-title plain\" href=\"#accordion-item-\u00bfson-seguros-los-drones-durante-el-proceso-de-limpieza?\" aria-expanded=\"false\" aria-controls=\"accordion-843615810-content\" >\n\t\t\t<button class=\"toggle\" aria-label=\"Toggle\"><i class=\"icon-angle-down\"><\/i><\/button>\n\t\t\t<span>How safe are the drones during the cleaning process?<\/span>\n\t\t<\/a>\n\t\t<div id=\"accordion-843615810-content\" class=\"accordion-inner\" aria-labelledby=\"accordion-843615810-label\" >\n\t\t\t\n\n<p>Yes, safety is our priority. The drones are operated by highly trained professionals, and security measures are implemented rigorous to ensure the protection of both people and properties.<\/p>\n\n\t\t<\/div>\n\t<\/div>\n\t\n\t<div id=\"accordion-4043068437\" class=\"accordion-item\">\n\t\t<a id=\"accordion-4043068437-label\" class=\"accordion-title plain\" href=\"#accordion-item-\u00bfc\u00f3mo-se-eligen-los-productos-de-limpieza-para-cada-tarea?\" aria-expanded=\"false\" aria-controls=\"accordion-4043068437-content\" >\n\t\t\t<button class=\"toggle\" aria-label=\"Toggle\"><i class=\"icon-angle-down\"><\/i><\/button>\n\t\t\t<span>How do you choose the cleaning products for every task?<\/span>\n\t\t<\/a>\n\t\t<div id=\"accordion-4043068437-content\" class=\"accordion-inner\" aria-labelledby=\"accordion-4043068437-label\" >\n\t\t\t\n\n<p>Are carefully selected cleaning products depending on the nature of the surface and the weather conditions. We make sure to use the right products that are effective and respectful with the environment.<\/p>\n\n\t\t<\/div>\n\t<\/div>\n\t\n\t<div id=\"accordion-2845200911\" class=\"accordion-item\">\n\t\t<a id=\"accordion-2845200911-label\" class=\"accordion-title plain\" href=\"#accordion-item-\u00bfcu\u00e1les-son-los-beneficios-ambientales-de-la-limpieza-con-drones?\" aria-expanded=\"false\" aria-controls=\"accordion-2845200911-content\" >\n\t\t\t<button class=\"toggle\" aria-label=\"Toggle\"><i class=\"icon-angle-down\"><\/i><\/button>\n\t\t\t<span>What are the environmental benefits of cleaning with drones?<\/span>\n\t\t<\/a>\n\t\t<div id=\"accordion-2845200911-content\" class=\"accordion-inner\" aria-labelledby=\"accordion-2845200911-label\" >\n\t\t\t\n\n<p>&nbsp;Cleaning with drones reduces the need for heavy equipment and energy consumption, thereby contributing to environmental sustainability. In addition, we minimize the use of harsh chemicals, caring for the environment<\/p>\n\n\t\t<\/div>\n\t<\/div>\n\t\n\t<div id=\"accordion-1410525562\" class=\"accordion-item\">\n\t\t<a id=\"accordion-1410525562-label\" class=\"accordion-title plain\" href=\"#accordion-item-\u00bfcu\u00e1l-es-la-diferencia-entre-la-limpieza-con-drones-y-los-m\u00e9todos-tradicionales?\" aria-expanded=\"false\" aria-controls=\"accordion-1410525562-content\" >\n\t\t\t<button class=\"toggle\" aria-label=\"Toggle\"><i class=\"icon-angle-down\"><\/i><\/button>\n\t\t\t<span>What is the difference between cleaning with drones and traditional methods?<\/span>\n\t\t<\/a>\n\t\t<div id=\"accordion-1410525562-content\" class=\"accordion-inner\" aria-labelledby=\"accordion-1410525562-label\" >\n\t\t\t\n\n<p>The main difference lies in the accessibility. The drones can reach places difficult of access, and more efficiently than traditional methods. This not only improves the efficiency, but also reduces labor risks and costs associated.<\/p>\n\n\t\t<\/div>\n\t<\/div>\n\t\n\t<div id=\"accordion-1003390201\" class=\"accordion-item\">\n\t\t<a id=\"accordion-1003390201-label\" class=\"accordion-title plain\" href=\"#accordion-item-\u00bfse-puede-programar-el-servicio-de-limpieza-con-antelaci\u00f3n?\" aria-expanded=\"false\" aria-controls=\"accordion-1003390201-content\" >\n\t\t\t<button class=\"toggle\" aria-label=\"Toggle\"><i class=\"icon-angle-down\"><\/i><\/button>\n\t\t\t<span>Can you schedule the cleaning service beforehand?<\/span>\n\t\t<\/a>\n\t\t<div id=\"accordion-1003390201-content\" class=\"accordion-inner\" aria-labelledby=\"accordion-1003390201-label\" >\n\t\t\t\n\n<p>Yes, we offer flexible scheduling. You can coordinate the sessions of cleaning according to your convenience and specific needs of your property.<\/p>\n\n\t\t<\/div>\n\t<\/div>\n\t\n\t<div id=\"accordion-1695572524\" class=\"accordion-item\">\n\t\t<a id=\"accordion-1695572524-label\" class=\"accordion-title plain\" href=\"#accordion-item-\u00bfcu\u00e1l-es-la-duraci\u00f3n-t\u00edpica-de-una-sesi\u00f3n-de-limpieza-con-drones?\" aria-expanded=\"false\" aria-controls=\"accordion-1695572524-content\" >\n\t\t\t<button class=\"toggle\" aria-label=\"Toggle\"><i class=\"icon-angle-down\"><\/i><\/button>\n\t\t\t<span>What is the typical duration of a cleaning session with drones?<\/span>\n\t\t<\/a>\n\t\t<div id=\"accordion-1695572524-content\" class=\"accordion-inner\" aria-labelledby=\"accordion-1695572524-label\" >\n\t\t\t\n\n<p>The duration varies according to the size and complexity of the task. However, in general, the cleaning drones is usually more rapid than traditional methods, saving time without compromising the quality.<\/p>\n\n\t\t<\/div>\n\t<\/div>\n\t\n\t<div id=\"accordion-4041582751\" class=\"accordion-item\">\n\t\t<a id=\"accordion-4041582751-label\" class=\"accordion-title plain\" href=\"#accordion-item-\u00bfc\u00f3mo-puedo-solicitar-sus-servicios-de-limpieza-con-drones?\" aria-expanded=\"false\" aria-controls=\"accordion-4041582751-content\" >\n\t\t\t<button class=\"toggle\" aria-label=\"Toggle\"><i class=\"icon-angle-down\"><\/i><\/button>\n\t\t\t<span>How can I apply for their cleaning services with drones?<\/span>\n\t\t<\/a>\n\t\t<div id=\"accordion-4041582751-content\" class=\"accordion-inner\" aria-labelledby=\"accordion-4041582751-label\" >\n\t\t\t\n\n<p>You can contact us through our website, by phone or e-mail. We are ready to discuss your needs and provide you with a cleaning solution customized with drones<\/p>\n\n\t\t<\/div>\n\t<\/div>\n\t\n\n<\/div>\n\n\t\t<\/div>\n\t\t\t\t\t<\/div>\n\n\t\n\n<\/div>\n\t<div id=\"gap-386638093\" class=\"gap-element clearfix\" style=\"display:block; height:auto;\">\n\t\t\n<style>\n#gap-386638093 {\n  padding-top: 30px;\n}\n<\/style>\n\t<\/div>\n\t\n\n\n\n<p><\/p>","protected":false},"excerpt":{"rendered":"","protected":false},"author":4,"featured_media":620,"parent":0,"menu_order":0,"comment_status":"closed","ping_status":"closed","template":"page-blank.php","meta":{"_joinchat":[],"footnotes":""},"class_list":["post-95","page","type-page","status-publish","has-post-thumbnail","hentry"],"yoast_head":"<!-- This site is optimized with the Yoast SEO plugin v25.9 - https:\/\/yoast.com\/wordpress\/plugins\/seo\/ -->\n<title>FAQs | Drone Cleaner<\/title>\n<meta name=\"description\" content=\"Empresa especializada en limpieza de fachadas, vidrios,paneles solares y m\u00e1s mediante drones. Innovaci\u00f3n, seguridad y eficiencia\" \/>\n<meta name=\"robots\" content=\"index, follow, max-snippet:-1, max-image-preview:large, max-video-preview:-1\" \/>\n<link rel=\"canonical\" href=\"https:\/\/dronecleaner-latam.com\/en\/faqs\/\" \/>\n<meta property=\"og:locale\" content=\"en_US\" \/>\n<meta property=\"og:type\" content=\"article\" \/>\n<meta property=\"og:title\" content=\"FAQs | Drone Cleaner\" \/>\n<meta property=\"og:description\" content=\"Empresa especializada en limpieza de fachadas, vidrios,paneles solares y m\u00e1s mediante drones. Innovaci\u00f3n, seguridad y eficiencia\" \/>\n<meta property=\"og:url\" content=\"https:\/\/dronecleaner-latam.com\/en\/faqs\/\" \/>\n<meta property=\"og:site_name\" content=\"Dronecleaner\" \/>\n<meta property=\"article:modified_time\" content=\"2025-09-16T23:57:02+00:00\" \/>\n<meta property=\"og:image\" content=\"https:\/\/dronecleaner-latam.com\/wp-content\/uploads\/2023\/09\/fondo.jpg\" \/>\n\t<meta property=\"og:image:width\" content=\"180\" \/>\n\t<meta property=\"og:image:height\" content=\"164\" \/>\n\t<meta property=\"og:image:type\" content=\"image\/jpeg\" \/>\n<meta name=\"twitter:card\" content=\"summary_large_image\" \/>\n<meta name=\"twitter:label1\" content=\"Est. reading time\" \/>\n\t<meta name=\"twitter:data1\" content=\"3 minutes\" \/>\n<script type=\"application\/ld+json\" class=\"yoast-schema-graph\">{\"@context\":\"https:\/\/schema.org\",\"@graph\":[{\"@type\":[\"WebPage\",\"FAQPage\"],\"@id\":\"https:\/\/dronecleaner-latam.com\/faqs\/\",\"url\":\"https:\/\/dronecleaner-latam.com\/faqs\/\",\"name\":\"FAQs | Drone Cleaner\",\"isPartOf\":{\"@id\":\"https:\/\/dronecleaner-latam.com\/#website\"},\"primaryImageOfPage\":{\"@id\":\"https:\/\/dronecleaner-latam.com\/faqs\/#primaryimage\"},\"image\":{\"@id\":\"https:\/\/dronecleaner-latam.com\/faqs\/#primaryimage\"},\"thumbnailUrl\":\"https:\/\/dronecleaner-latam.com\/wp-content\/uploads\/2023\/09\/fondo.jpg\",\"datePublished\":\"2013-08-11T22:22:53+00:00\",\"dateModified\":\"2025-09-16T23:57:02+00:00\",\"description\":\"Empresa especializada en limpieza de fachadas, vidrios,paneles solares y m\u00e1s mediante drones. Innovaci\u00f3n, seguridad y eficiencia\",\"breadcrumb\":{\"@id\":\"https:\/\/dronecleaner-latam.com\/faqs\/#breadcrumb\"},\"inLanguage\":\"en-US\",\"potentialAction\":[{\"@type\":\"ReadAction\",\"target\":[\"https:\/\/dronecleaner-latam.com\/faqs\/\"]}]},{\"@type\":\"ImageObject\",\"inLanguage\":\"en-US\",\"@id\":\"https:\/\/dronecleaner-latam.com\/faqs\/#primaryimage\",\"url\":\"https:\/\/dronecleaner-latam.com\/wp-content\/uploads\/2023\/09\/fondo.jpg\",\"contentUrl\":\"https:\/\/dronecleaner-latam.com\/wp-content\/uploads\/2023\/09\/fondo.jpg\",\"width\":180,\"height\":164},{\"@type\":\"BreadcrumbList\",\"@id\":\"https:\/\/dronecleaner-latam.com\/faqs\/#breadcrumb\",\"itemListElement\":[{\"@type\":\"ListItem\",\"position\":1,\"name\":\"Inicio\",\"item\":\"https:\/\/dronecleaner-latam.com\/\"},{\"@type\":\"ListItem\",\"position\":2,\"name\":\"FAQs\"}]},{\"@type\":\"WebSite\",\"@id\":\"https:\/\/dronecleaner-latam.com\/#website\",\"url\":\"https:\/\/dronecleaner-latam.com\/\",\"name\":\"Dronecleaner\",\"description\":\"Nuestro equipo de drones equipados con avanzados sistemas de limpieza realiza tareas de limpieza a\u00e9rea, abordando \u00e1reas de dif\u00edcil acceso y proporcionando soluciones r\u00e1pidas\",\"potentialAction\":[{\"@type\":\"SearchAction\",\"target\":{\"@type\":\"EntryPoint\",\"urlTemplate\":\"https:\/\/dronecleaner-latam.com\/?s={search_term_string}\"},\"query-input\":{\"@type\":\"PropertyValueSpecification\",\"valueRequired\":true,\"valueName\":\"search_term_string\"}}],\"inLanguage\":\"en-US\"}]}<\/script>\n<!-- \/ Yoast SEO plugin. -->","yoast_head_json":{"title":"FAQs | Drone Cleaner","description":"Empresa especializada en limpieza de fachadas, vidrios,paneles solares y m\u00e1s mediante drones. Innovaci\u00f3n, seguridad y eficiencia","robots":{"index":"index","follow":"follow","max-snippet":"max-snippet:-1","max-image-preview":"max-image-preview:large","max-video-preview":"max-video-preview:-1"},"canonical":"https:\/\/dronecleaner-latam.com\/en\/faqs\/","og_locale":"en_US","og_type":"article","og_title":"FAQs | Drone Cleaner","og_description":"Empresa especializada en limpieza de fachadas, vidrios,paneles solares y m\u00e1s mediante drones. Innovaci\u00f3n, seguridad y eficiencia","og_url":"https:\/\/dronecleaner-latam.com\/en\/faqs\/","og_site_name":"Dronecleaner","article_modified_time":"2025-09-16T23:57:02+00:00","og_image":[{"width":180,"height":164,"url":"https:\/\/dronecleaner-latam.com\/wp-content\/uploads\/2023\/09\/fondo.jpg","type":"image\/jpeg"}],"twitter_card":"summary_large_image","twitter_misc":{"Est. reading time":"3 minutes"},"schema":{"@context":"https:\/\/schema.org","@graph":[{"@type":["WebPage","FAQPage"],"@id":"https:\/\/dronecleaner-latam.com\/faqs\/","url":"https:\/\/dronecleaner-latam.com\/faqs\/","name":"FAQs | Drone Cleaner","isPartOf":{"@id":"https:\/\/dronecleaner-latam.com\/#website"},"primaryImageOfPage":{"@id":"https:\/\/dronecleaner-latam.com\/faqs\/#primaryimage"},"image":{"@id":"https:\/\/dronecleaner-latam.com\/faqs\/#primaryimage"},"thumbnailUrl":"https:\/\/dronecleaner-latam.com\/wp-content\/uploads\/2023\/09\/fondo.jpg","datePublished":"2013-08-11T22:22:53+00:00","dateModified":"2025-09-16T23:57:02+00:00","description":"Empresa especializada en limpieza de fachadas, vidrios,paneles solares y m\u00e1s mediante drones. Innovaci\u00f3n, seguridad y eficiencia","breadcrumb":{"@id":"https:\/\/dronecleaner-latam.com\/faqs\/#breadcrumb"},"inLanguage":"en-US","potentialAction":[{"@type":"ReadAction","target":["https:\/\/dronecleaner-latam.com\/faqs\/"]}]},{"@type":"ImageObject","inLanguage":"en-US","@id":"https:\/\/dronecleaner-latam.com\/faqs\/#primaryimage","url":"https:\/\/dronecleaner-latam.com\/wp-content\/uploads\/2023\/09\/fondo.jpg","contentUrl":"https:\/\/dronecleaner-latam.com\/wp-content\/uploads\/2023\/09\/fondo.jpg","width":180,"height":164},{"@type":"BreadcrumbList","@id":"https:\/\/dronecleaner-latam.com\/faqs\/#breadcrumb","itemListElement":[{"@type":"ListItem","position":1,"name":"Inicio","item":"https:\/\/dronecleaner-latam.com\/"},{"@type":"ListItem","position":2,"name":"FAQs"}]},{"@type":"WebSite","@id":"https:\/\/dronecleaner-latam.com\/#website","url":"https:\/\/dronecleaner-latam.com\/","name":"Dronecleaner","description":"Nuestro equipo de drones equipados con avanzados sistemas de limpieza realiza tareas de limpieza a\u00e9rea, abordando \u00e1reas de dif\u00edcil acceso y proporcionando soluciones r\u00e1pidas","potentialAction":[{"@type":"SearchAction","target":{"@type":"EntryPoint","urlTemplate":"https:\/\/dronecleaner-latam.com\/?s={search_term_string}"},"query-input":{"@type":"PropertyValueSpecification","valueRequired":true,"valueName":"search_term_string"}}],"inLanguage":"en-US"}]}},"_links":{"self":[{"href":"https:\/\/dronecleaner-latam.com\/en\/wp-json\/wp\/v2\/pages\/95","targetHints":{"allow":["GET"]}}],"collection":[{"href":"https:\/\/dronecleaner-latam.com\/en\/wp-json\/wp\/v2\/pages"}],"about":[{"href":"https:\/\/dronecleaner-latam.com\/en\/wp-json\/wp\/v2\/types\/page"}],"author":[{"embeddable":true,"href":"https:\/\/dronecleaner-latam.com\/en\/wp-json\/wp\/v2\/users\/4"}],"replies":[{"embeddable":true,"href":"https:\/\/dronecleaner-latam.com\/en\/wp-json\/wp\/v2\/comments?post=95"}],"version-history":[{"count":17,"href":"https:\/\/dronecleaner-latam.com\/en\/wp-json\/wp\/v2\/pages\/95\/revisions"}],"predecessor-version":[{"id":1171,"href":"https:\/\/dronecleaner-latam.com\/en\/wp-json\/wp\/v2\/pages\/95\/revisions\/1171"}],"wp:featuredmedia":[{"embeddable":true,"href":"https:\/\/dronecleaner-latam.com\/en\/wp-json\/wp\/v2\/media\/620"}],"wp:attachment":[{"href":"https:\/\/dronecleaner-latam.com\/en\/wp-json\/wp\/v2\/media?parent=95"}],"curies":[{"name":"wp","href":"https:\/\/api.w.org\/{rel}","templated":true}]}}