{"id":673,"date":"2023-12-10T20:34:13","date_gmt":"2023-12-10T23:34:13","guid":{"rendered":"https:\/\/dronecleaner-latam.com\/elements\/pages\/about-copy\/"},"modified":"2025-09-16T20:54:02","modified_gmt":"2025-09-16T23:54:02","slug":"servicios","status":"publish","type":"page","link":"https:\/\/dronecleaner-latam.com\/en\/servicios\/","title":{"rendered":"Services"},"content":{"rendered":"<div class=\"banner has-hover has-parallax\" id=\"banner-807210294\">\n          <div class=\"banner-inner fill\">\n        <div class=\"banner-bg fill\" data-parallax=\"-3\" data-parallax-container=\".banner\" data-parallax-background>\n            <img loading=\"lazy\" decoding=\"async\" width=\"1200\" height=\"1600\" src=\"https:\/\/dronecleaner-latam.com\/wp-content\/uploads\/2025\/09\/WhatsApp-Image-2025-09-02-at-13.53.01.jpeg\" class=\"bg attachment-2048x2048 size-2048x2048\" alt=\"\" \/>                                    \n                    <\/div>\n\t\t\n        <div class=\"banner-layers container\">\n            <div class=\"fill banner-link\"><\/div>            \n\n   <div id=\"text-box-228991504\" class=\"text-box banner-layer x50 md-x50 lg-x50 y65 md-y65 lg-y65 res-text\">\n                                <div class=\"text-box-content text dark\">\n              \n              <div class=\"text-inner text-center\">\n                  \n\n\t<div id=\"text-3536267874\" class=\"text\">\n\t\t\n\n<h1 class=\"lead\"><b>Our Services<\/b><\/h1>\n<p class=\"lead\">\n\t\t\n<style>\n#text-3536267874 {\n  text-align: center;\n}\n<\/style>\n\t<\/div>\n\t\n\n              <\/div>\n           <\/div>\n                            \n<style>\n#text-box-228991504 {\n  width: 89%;\n}\n#text-box-228991504 .text-box-content {\n  font-size: 100%;\n}\n@media (min-width:550px) {\n  #text-box-228991504 {\n    width: 82%;\n  }\n}\n<\/style>\n    <\/div>\n \n\n        <\/div>\n      <\/div>\n\n            \n<style>\n#banner-807210294 {\n  padding-top: 517px;\n}\n#banner-807210294 .banner-bg img {\n  object-position: 100% 30%;\n}\n<\/style>\n  <\/div>\n\n\n<div class=\"row hide-for-small\"  id=\"row-1931453996\">\n\n\n\t<div id=\"col-1959098124\" class=\"col small-12 large-12\"  >\n\t\t\t\t<div class=\"col-inner\"  >\n\t\t\t\n\t\t\t\n\n\t<div id=\"text-2327010057\" class=\"text\">\n\t\t\n\n<p>We are providing the service with specialized equipment and properly trained personnel, and shot by the FAC. To perform exterior cleaning such as facades or glass using the right products to corde to the weather situation.<\/p>\n\t\t\n<style>\n#text-2327010057 {\n  font-size: 1.4rem;\n  text-align: center;\n  color: #111111;\n}\n#text-2327010057 > * {\n  color: #111111;\n}\n@media (min-width:550px) {\n  #text-2327010057 {\n    text-align: left;\n  }\n}\n<\/style>\n\t<\/div>\n\t\n\n\t\t<\/div>\n\t\t\t\t\t<\/div>\n\n\t\n\n\t<div id=\"col-233958261\" class=\"col medium-6 small-12 large-6\"  >\n\t\t\t\t<div class=\"col-inner text-left\"  >\n\t\t\t\n\t\t\t\n\n<h4>1. Washing of facades of buildings.<\/h4>\n<p>Such cleaning is used to remove layers of dirt, and bacteria ( fungi ) that affect the architecture and its image.<\/p>\n<h4>2. Cleaning crystals.<\/h4>\n<p>This service is adapting to the needs of the locality of either salinity ( beaches ) , acid rain ( cities ) ,snow,etc to clean them and leave them in a good state.<\/p>\n<h4>3. Cleaning of turbines areolicas.<\/h4>\n<p>In such a service it is necessary to Clean the blades for better performance and productivity.<\/p>\n<h4>4. Cleaning of solar panels.<\/h4>\n<p>In that cleaning it is to care to remove the contamination ( dust ) in the panels and improve your performance.<\/p>\n\n\t\t<\/div>\n\t\t\t\t\n<style>\n#col-233958261 > .col-inner {\n  padding: 0px 0px 0px 100px;\n}\n<\/style>\n\t<\/div>\n\n\t\n\n\t<div id=\"col-1013826620\" class=\"col medium-6 small-12 large-6\"  >\n\t\t\t\t<div class=\"col-inner text-left\"  >\n\t\t\t\n\t\t\t\n\n<h4>5. Cleaning of aircraft.<\/h4>\n<p>In this service consists of the external cleaning of the structure of any type of aircraft regardless of its size without running the risk of damage to the aircraft by removing any kind of dirt to a better performance of flight.<\/p>\n<h4>6. Cleaning of spectacular.<\/h4>\n<p>Extensive cleaning in area where they do not have good access such as domes or cylindrical structures.<\/p>\n<h4>7. Cleaning stages.<\/p>\n<p>This work consists of cleaning, particularly of trade name and bright such as hotels and shopping malls.<\/p>\n<\/h4>\n<h4>8. Cleaning of signs on structures.<\/h4>\n<p>the cleaning consists to improve the image of the ad is presented in the large format.<\/p>\n\n\t\t<\/div>\n\t\t\t\t\n<style>\n#col-1013826620 > .col-inner {\n  padding: 0px 0px 0px 100px;\n}\n<\/style>\n\t<\/div>\n\n\t\n\n<\/div>\n<div class=\"row show-for-medium\"  id=\"row-901354550\">\n\n\n\t<div id=\"col-1598790212\" class=\"col medium-6 small-12 large-6\"  >\n\t\t\t\t<div class=\"col-inner\"  >\n\t\t\t\n\t\t\t\n\n\t<div id=\"text-3928238230\" class=\"text\">\n\t\t\n\n<p>We are providing the service with specialized equipment and properly trained personnel, and shot by the FAC. To perform exterior cleaning such as facades or glass using the right products to corde to the weather situation.<\/p>\n\t\t\n<style>\n#text-3928238230 {\n  font-size: 1.4rem;\n  text-align: center;\n  color: #111111;\n}\n#text-3928238230 > * {\n  color: #111111;\n}\n<\/style>\n\t<\/div>\n\t\n\n\t\t<\/div>\n\t\t\t\t\n<style>\n#col-1598790212 > .col-inner {\n  margin: 20px 0px 0px 0px;\n}\n<\/style>\n\t<\/div>\n\n\t\n\n\t<div id=\"col-411125394\" class=\"col medium-6 small-12 large-6\"  >\n\t\t\t\t<div class=\"col-inner text-left\"  >\n\t\t\t\n\t\t\t\n\n<h4>1. Washing of facades of buildings.<\/h4>\n<p>Such cleaning is used to remove layers of dirt, and bacteria ( fungi ) that affect the architecture and its image.<\/p>\n<h4>2. Cleaning crystals.<\/h4>\n<p>This service is adapting to the needs of the locality of either salinity ( beaches ) , acid rain ( cities ) ,snow,etc to clean them and leave them in a good state.<\/p>\n<h4>3. Cleaning of turbines areolicas.<\/h4>\n<p>In such a service it is necessary to Clean the blades for better performance and productivity.<\/p>\n<h4>4. Cleaning of solar panels.<\/h4>\n<p>In that cleaning it is to care to remove the contamination ( dust ) in the panels and improve your performance.<\/p>\n<h4>5. Cleaning of aircraft.<\/h4>\n<p>In this service consists of the external cleaning of the structure of any type of aircraft regardless of its size without running the risk of damage to the aircraft by removing any kind of dirt to a better performance of flight.<\/p>\n<h4>6. Cleaning of spectacular.<\/h4>\n<p>Extensive cleaning in area where they do not have good access such as domes or cylindrical structures.<\/p>\n<h4>7. Cleaning stages.<\/p>\n<p>This work consists of cleaning, particularly of trade name and bright such as hotels and shopping malls.<\/p>\n<\/h4>\n<h4>8. Cleaning of signs on structures.<\/h4>\n<p>the cleaning consists to improve the image of the ad is presented in the large format.<\/p>\n\n\t\t<\/div>\n\t\t\t\t\n<style>\n#col-411125394 > .col-inner {\n  padding: 0px 0px 0px 0px;\n}\n@media (min-width:550px) {\n  #col-411125394 > .col-inner {\n    padding: 0px 0px 0px 100px;\n  }\n}\n<\/style>\n\t<\/div>\n\n\t\n\n<\/div>\n<div class=\"row\"  id=\"row-1444885020\">\n\n\n\t<div id=\"col-475794983\" class=\"col small-12 large-12\"  >\n\t\t\t\t<div class=\"col-inner\"  >\n\t\t\t\n\t\t\t\n\n<div class=\"text-center\"><div class=\"is-divider divider clearfix\" ><\/div><\/div>\n\n\n\t\t<\/div>\n\t\t\t\t\t<\/div>\n\n\t\n\n<\/div>\n<div class=\"row\"  id=\"row-1192432742\">\n\n\n\t<div id=\"col-931227277\" class=\"col medium-3 small-6 large-3\"  >\n\t\t\t\t<div class=\"col-inner\"  >\n\t\t\t\n\t\t\t\n\n\t<div class=\"img has-hover x md-x lg-x y md-y lg-y\" id=\"image_12846023\">\n\t\t\t\t\t\t\t\t<div class=\"img-inner dark\" >\n\t\t\t<img loading=\"lazy\" decoding=\"async\" width=\"533\" height=\"800\" src=\"https:\/\/dronecleaner-latam.com\/wp-content\/uploads\/2025\/09\/Rectangle-28-1-533x800.png\" class=\"attachment-large size-large\" alt=\"\" srcset=\"https:\/\/dronecleaner-latam.com\/wp-content\/uploads\/2025\/09\/Rectangle-28-1-533x800.png 533w, https:\/\/dronecleaner-latam.com\/wp-content\/uploads\/2025\/09\/Rectangle-28-1-267x400.png 267w, https:\/\/dronecleaner-latam.com\/wp-content\/uploads\/2025\/09\/Rectangle-28-1-768x1152.png 768w, https:\/\/dronecleaner-latam.com\/wp-content\/uploads\/2025\/09\/Rectangle-28-1-1024x1536.png 1024w, https:\/\/dronecleaner-latam.com\/wp-content\/uploads\/2025\/09\/Rectangle-28-1-1365x2048.png 1365w, https:\/\/dronecleaner-latam.com\/wp-content\/uploads\/2025\/09\/Rectangle-28-1-8x12.png 8w\" sizes=\"auto, (max-width: 533px) 100vw, 533px\" \/>\t\t\t\t\t\t\n\t\t\t\t\t<\/div>\n\t\t\t\t\t\t\t\t\n<style>\n#image_12846023 {\n  width: 100%;\n}\n<\/style>\n\t<\/div>\n\t\n\n\n\t\t<\/div>\n\t\t\t\t\t<\/div>\n\n\t\n\n\t<div id=\"col-2103468142\" class=\"col medium-3 small-6 large-3\"  >\n\t\t\t\t<div class=\"col-inner\"  >\n\t\t\t\n\t\t\t\n\n\t<div class=\"img has-hover x md-x lg-x y md-y lg-y\" id=\"image_1475114401\">\n\t\t\t\t\t\t\t\t<div class=\"img-inner dark\" >\n\t\t\t<img loading=\"lazy\" decoding=\"async\" width=\"533\" height=\"800\" src=\"https:\/\/dronecleaner-latam.com\/wp-content\/uploads\/2025\/09\/Rectangle-33-5-533x800.png\" class=\"attachment-large size-large\" alt=\"\" srcset=\"https:\/\/dronecleaner-latam.com\/wp-content\/uploads\/2025\/09\/Rectangle-33-5-533x800.png 533w, https:\/\/dronecleaner-latam.com\/wp-content\/uploads\/2025\/09\/Rectangle-33-5-267x400.png 267w, https:\/\/dronecleaner-latam.com\/wp-content\/uploads\/2025\/09\/Rectangle-33-5-768x1152.png 768w, https:\/\/dronecleaner-latam.com\/wp-content\/uploads\/2025\/09\/Rectangle-33-5-1024x1536.png 1024w, https:\/\/dronecleaner-latam.com\/wp-content\/uploads\/2025\/09\/Rectangle-33-5-1365x2048.png 1365w, https:\/\/dronecleaner-latam.com\/wp-content\/uploads\/2025\/09\/Rectangle-33-5-8x12.png 8w\" sizes=\"auto, (max-width: 533px) 100vw, 533px\" \/>\t\t\t\t\t\t\n\t\t\t\t\t<\/div>\n\t\t\t\t\t\t\t\t\n<style>\n#image_1475114401 {\n  width: 100%;\n}\n<\/style>\n\t<\/div>\n\t\n\n\n\t\t<\/div>\n\t\t\t\t\t<\/div>\n\n\t\n\n\t<div id=\"col-574769030\" class=\"col medium-3 small-6 large-3\"  >\n\t\t\t\t<div class=\"col-inner\"  >\n\t\t\t\n\t\t\t\n\n\t<div class=\"img has-hover x md-x lg-x y md-y lg-y\" id=\"image_320410310\">\n\t\t\t\t\t\t\t\t<div class=\"img-inner dark\" >\n\t\t\t<img loading=\"lazy\" decoding=\"async\" width=\"533\" height=\"800\" src=\"https:\/\/dronecleaner-latam.com\/wp-content\/uploads\/2025\/09\/Rectangle-30-1-533x800.png\" class=\"attachment-large size-large\" alt=\"\" srcset=\"https:\/\/dronecleaner-latam.com\/wp-content\/uploads\/2025\/09\/Rectangle-30-1-533x800.png 533w, https:\/\/dronecleaner-latam.com\/wp-content\/uploads\/2025\/09\/Rectangle-30-1-267x400.png 267w, https:\/\/dronecleaner-latam.com\/wp-content\/uploads\/2025\/09\/Rectangle-30-1-768x1152.png 768w, https:\/\/dronecleaner-latam.com\/wp-content\/uploads\/2025\/09\/Rectangle-30-1-1024x1536.png 1024w, https:\/\/dronecleaner-latam.com\/wp-content\/uploads\/2025\/09\/Rectangle-30-1-1365x2048.png 1365w, https:\/\/dronecleaner-latam.com\/wp-content\/uploads\/2025\/09\/Rectangle-30-1-8x12.png 8w\" sizes=\"auto, (max-width: 533px) 100vw, 533px\" \/>\t\t\t\t\t\t\n\t\t\t\t\t<\/div>\n\t\t\t\t\t\t\t\t\n<style>\n#image_320410310 {\n  width: 100%;\n}\n<\/style>\n\t<\/div>\n\t\n\n\n\t\t<\/div>\n\t\t\t\t\t<\/div>\n\n\t\n\n\t<div id=\"col-1805231195\" class=\"col medium-3 small-6 large-3\"  >\n\t\t\t\t<div class=\"col-inner\"  >\n\t\t\t\n\t\t\t\n\n\t<div class=\"img has-hover x md-x lg-x y md-y lg-y\" id=\"image_510529818\">\n\t\t\t\t\t\t\t\t<div class=\"img-inner dark\" >\n\t\t\t<img loading=\"lazy\" decoding=\"async\" width=\"533\" height=\"800\" src=\"https:\/\/dronecleaner-latam.com\/wp-content\/uploads\/2025\/09\/Rectangle-32-4-533x800.png\" class=\"attachment-large size-large\" alt=\"\" srcset=\"https:\/\/dronecleaner-latam.com\/wp-content\/uploads\/2025\/09\/Rectangle-32-4-533x800.png 533w, https:\/\/dronecleaner-latam.com\/wp-content\/uploads\/2025\/09\/Rectangle-32-4-267x400.png 267w, https:\/\/dronecleaner-latam.com\/wp-content\/uploads\/2025\/09\/Rectangle-32-4-768x1152.png 768w, https:\/\/dronecleaner-latam.com\/wp-content\/uploads\/2025\/09\/Rectangle-32-4-1024x1536.png 1024w, https:\/\/dronecleaner-latam.com\/wp-content\/uploads\/2025\/09\/Rectangle-32-4-1365x2048.png 1365w, https:\/\/dronecleaner-latam.com\/wp-content\/uploads\/2025\/09\/Rectangle-32-4-8x12.png 8w\" sizes=\"auto, (max-width: 533px) 100vw, 533px\" \/>\t\t\t\t\t\t\n\t\t\t\t\t<\/div>\n\t\t\t\t\t\t\t\t\n<style>\n#image_510529818 {\n  width: 100%;\n}\n<\/style>\n\t<\/div>\n\t\n\n\n\t\t<\/div>\n\t\t\t\t\t<\/div>\n\n\t\n\n<\/div>\n<div class=\"row\"  id=\"row-1799657774\">\n\n\n\t<div id=\"col-1800130598\" class=\"col medium-3 small-6 large-3\"  >\n\t\t\t\t<div class=\"col-inner\"  >\n\t\t\t\n\t\t\t\n\n\t<div class=\"img has-hover x md-x lg-x y md-y lg-y\" id=\"image_766956736\">\n\t\t\t\t\t\t\t\t<div class=\"img-inner dark\" >\n\t\t\t<img loading=\"lazy\" decoding=\"async\" width=\"533\" height=\"800\" src=\"https:\/\/dronecleaner-latam.com\/wp-content\/uploads\/2025\/09\/Rectangle-32-1-533x800.png\" class=\"attachment-large size-large\" alt=\"\" srcset=\"https:\/\/dronecleaner-latam.com\/wp-content\/uploads\/2025\/09\/Rectangle-32-1-533x800.png 533w, https:\/\/dronecleaner-latam.com\/wp-content\/uploads\/2025\/09\/Rectangle-32-1-267x400.png 267w, https:\/\/dronecleaner-latam.com\/wp-content\/uploads\/2025\/09\/Rectangle-32-1-768x1152.png 768w, https:\/\/dronecleaner-latam.com\/wp-content\/uploads\/2025\/09\/Rectangle-32-1-1024x1536.png 1024w, https:\/\/dronecleaner-latam.com\/wp-content\/uploads\/2025\/09\/Rectangle-32-1-1365x2048.png 1365w, https:\/\/dronecleaner-latam.com\/wp-content\/uploads\/2025\/09\/Rectangle-32-1-8x12.png 8w\" sizes=\"auto, (max-width: 533px) 100vw, 533px\" \/>\t\t\t\t\t\t\n\t\t\t\t\t<\/div>\n\t\t\t\t\t\t\t\t\n<style>\n#image_766956736 {\n  width: 100%;\n}\n<\/style>\n\t<\/div>\n\t\n\n\n\t\t<\/div>\n\t\t\t\t\t<\/div>\n\n\t\n\n\t<div id=\"col-383914114\" class=\"col medium-3 small-6 large-3\"  >\n\t\t\t\t<div class=\"col-inner\"  >\n\t\t\t\n\t\t\t\n\n\t<div class=\"img has-hover x md-x lg-x y md-y lg-y\" id=\"image_552851047\">\n\t\t\t\t\t\t\t\t<div class=\"img-inner dark\" >\n\t\t\t<img loading=\"lazy\" decoding=\"async\" width=\"533\" height=\"800\" src=\"https:\/\/dronecleaner-latam.com\/wp-content\/uploads\/2025\/09\/Rectangle-31-5-533x800.png\" class=\"attachment-large size-large\" alt=\"\" srcset=\"https:\/\/dronecleaner-latam.com\/wp-content\/uploads\/2025\/09\/Rectangle-31-5-533x800.png 533w, https:\/\/dronecleaner-latam.com\/wp-content\/uploads\/2025\/09\/Rectangle-31-5-267x400.png 267w, https:\/\/dronecleaner-latam.com\/wp-content\/uploads\/2025\/09\/Rectangle-31-5-768x1152.png 768w, https:\/\/dronecleaner-latam.com\/wp-content\/uploads\/2025\/09\/Rectangle-31-5-1024x1536.png 1024w, https:\/\/dronecleaner-latam.com\/wp-content\/uploads\/2025\/09\/Rectangle-31-5-1365x2048.png 1365w, https:\/\/dronecleaner-latam.com\/wp-content\/uploads\/2025\/09\/Rectangle-31-5-8x12.png 8w\" sizes=\"auto, (max-width: 533px) 100vw, 533px\" \/>\t\t\t\t\t\t\n\t\t\t\t\t<\/div>\n\t\t\t\t\t\t\t\t\n<style>\n#image_552851047 {\n  width: 100%;\n}\n<\/style>\n\t<\/div>\n\t\n\n\n\t\t<\/div>\n\t\t\t\t\t<\/div>\n\n\t\n\n\t<div id=\"col-327486336\" class=\"col medium-3 small-6 large-3\"  >\n\t\t\t\t<div class=\"col-inner\"  >\n\t\t\t\n\t\t\t\n\n\t<div class=\"img has-hover x md-x lg-x y md-y lg-y\" id=\"image_1222998674\">\n\t\t\t\t\t\t\t\t<div class=\"img-inner dark\" >\n\t\t\t<img loading=\"lazy\" decoding=\"async\" width=\"533\" height=\"800\" src=\"https:\/\/dronecleaner-latam.com\/wp-content\/uploads\/2025\/09\/Rectangle-34-1-533x800.png\" class=\"attachment-large size-large\" alt=\"\" srcset=\"https:\/\/dronecleaner-latam.com\/wp-content\/uploads\/2025\/09\/Rectangle-34-1-533x800.png 533w, https:\/\/dronecleaner-latam.com\/wp-content\/uploads\/2025\/09\/Rectangle-34-1-267x400.png 267w, https:\/\/dronecleaner-latam.com\/wp-content\/uploads\/2025\/09\/Rectangle-34-1-768x1152.png 768w, https:\/\/dronecleaner-latam.com\/wp-content\/uploads\/2025\/09\/Rectangle-34-1-1024x1536.png 1024w, https:\/\/dronecleaner-latam.com\/wp-content\/uploads\/2025\/09\/Rectangle-34-1-1365x2048.png 1365w, https:\/\/dronecleaner-latam.com\/wp-content\/uploads\/2025\/09\/Rectangle-34-1-8x12.png 8w\" sizes=\"auto, (max-width: 533px) 100vw, 533px\" \/>\t\t\t\t\t\t\n\t\t\t\t\t<\/div>\n\t\t\t\t\t\t\t\t\n<style>\n#image_1222998674 {\n  width: 100%;\n}\n<\/style>\n\t<\/div>\n\t\n\n\n\t\t<\/div>\n\t\t\t\t\t<\/div>\n\n\t\n\n\t<div id=\"col-1233835094\" class=\"col medium-3 small-6 large-3\"  >\n\t\t\t\t<div class=\"col-inner\"  >\n\t\t\t\n\t\t\t\n\n\t<div class=\"img has-hover x md-x lg-x y md-y lg-y\" id=\"image_1975376681\">\n\t\t\t\t\t\t\t\t<div class=\"img-inner dark\" >\n\t\t\t<img loading=\"lazy\" decoding=\"async\" width=\"533\" height=\"800\" src=\"https:\/\/dronecleaner-latam.com\/wp-content\/uploads\/2025\/09\/Rectangle-35-4-533x800.png\" class=\"attachment-large size-large\" alt=\"\" srcset=\"https:\/\/dronecleaner-latam.com\/wp-content\/uploads\/2025\/09\/Rectangle-35-4-533x800.png 533w, https:\/\/dronecleaner-latam.com\/wp-content\/uploads\/2025\/09\/Rectangle-35-4-267x400.png 267w, https:\/\/dronecleaner-latam.com\/wp-content\/uploads\/2025\/09\/Rectangle-35-4-768x1152.png 768w, https:\/\/dronecleaner-latam.com\/wp-content\/uploads\/2025\/09\/Rectangle-35-4-1024x1536.png 1024w, https:\/\/dronecleaner-latam.com\/wp-content\/uploads\/2025\/09\/Rectangle-35-4-1365x2048.png 1365w, https:\/\/dronecleaner-latam.com\/wp-content\/uploads\/2025\/09\/Rectangle-35-4-8x12.png 8w\" sizes=\"auto, (max-width: 533px) 100vw, 533px\" \/>\t\t\t\t\t\t\n\t\t\t\t\t<\/div>\n\t\t\t\t\t\t\t\t\n<style>\n#image_1975376681 {\n  width: 100%;\n}\n<\/style>\n\t<\/div>\n\t\n\n\n\t\t<\/div>\n\t\t\t\t\t<\/div>\n\n\t\n\n<\/div>","protected":false},"excerpt":{"rendered":"","protected":false},"author":4,"featured_media":620,"parent":0,"menu_order":0,"comment_status":"closed","ping_status":"closed","template":"page-transparent-header-light.php","meta":{"_joinchat":[],"footnotes":""},"class_list":["post-673","page","type-page","status-publish","has-post-thumbnail","hentry"],"yoast_head":"<!-- This site is optimized with the Yoast SEO plugin v25.9 - https:\/\/yoast.com\/wordpress\/plugins\/seo\/ -->\n<title>Servicios | Drone Cleaner<\/title>\n<meta name=\"description\" content=\"Empresa especializada en limpieza de fachadas, vidrios, paneles solares y m\u00e1s mediante drones. Innovaci\u00f3n, seguridad y eficiencia\" \/>\n<meta name=\"robots\" content=\"index, follow, max-snippet:-1, max-image-preview:large, max-video-preview:-1\" \/>\n<link rel=\"canonical\" href=\"https:\/\/dronecleaner-latam.com\/en\/servicios\/\" \/>\n<meta property=\"og:locale\" content=\"en_US\" \/>\n<meta property=\"og:type\" content=\"article\" \/>\n<meta property=\"og:title\" content=\"Servicios | Drone Cleaner\" \/>\n<meta property=\"og:description\" content=\"Empresa especializada en limpieza de fachadas, vidrios, paneles solares y m\u00e1s mediante drones. Innovaci\u00f3n, seguridad y eficiencia\" \/>\n<meta property=\"og:url\" content=\"https:\/\/dronecleaner-latam.com\/en\/servicios\/\" \/>\n<meta property=\"og:site_name\" content=\"Dronecleaner\" \/>\n<meta property=\"article:modified_time\" content=\"2025-09-16T23:54:02+00:00\" \/>\n<meta property=\"og:image\" content=\"https:\/\/dronecleaner-latam.com\/wp-content\/uploads\/2023\/09\/fondo.jpg\" \/>\n\t<meta property=\"og:image:width\" content=\"180\" \/>\n\t<meta property=\"og:image:height\" content=\"164\" \/>\n\t<meta property=\"og:image:type\" content=\"image\/jpeg\" \/>\n<meta name=\"twitter:card\" content=\"summary_large_image\" \/>\n<meta name=\"twitter:label1\" content=\"Est. reading time\" \/>\n\t<meta name=\"twitter:data1\" content=\"4 minutes\" \/>\n<script type=\"application\/ld+json\" class=\"yoast-schema-graph\">{\"@context\":\"https:\/\/schema.org\",\"@graph\":[{\"@type\":\"WebPage\",\"@id\":\"https:\/\/dronecleaner-latam.com\/servicios\/\",\"url\":\"https:\/\/dronecleaner-latam.com\/servicios\/\",\"name\":\"Servicios | Drone Cleaner\",\"isPartOf\":{\"@id\":\"https:\/\/dronecleaner-latam.com\/#website\"},\"primaryImageOfPage\":{\"@id\":\"https:\/\/dronecleaner-latam.com\/servicios\/#primaryimage\"},\"image\":{\"@id\":\"https:\/\/dronecleaner-latam.com\/servicios\/#primaryimage\"},\"thumbnailUrl\":\"https:\/\/dronecleaner-latam.com\/wp-content\/uploads\/2023\/09\/fondo.jpg\",\"datePublished\":\"2023-12-10T23:34:13+00:00\",\"dateModified\":\"2025-09-16T23:54:02+00:00\",\"description\":\"Empresa especializada en limpieza de fachadas, vidrios, paneles solares y m\u00e1s mediante drones. Innovaci\u00f3n, seguridad y eficiencia\",\"breadcrumb\":{\"@id\":\"https:\/\/dronecleaner-latam.com\/servicios\/#breadcrumb\"},\"inLanguage\":\"en-US\",\"potentialAction\":[{\"@type\":\"ReadAction\",\"target\":[\"https:\/\/dronecleaner-latam.com\/servicios\/\"]}]},{\"@type\":\"ImageObject\",\"inLanguage\":\"en-US\",\"@id\":\"https:\/\/dronecleaner-latam.com\/servicios\/#primaryimage\",\"url\":\"https:\/\/dronecleaner-latam.com\/wp-content\/uploads\/2023\/09\/fondo.jpg\",\"contentUrl\":\"https:\/\/dronecleaner-latam.com\/wp-content\/uploads\/2023\/09\/fondo.jpg\",\"width\":180,\"height\":164},{\"@type\":\"BreadcrumbList\",\"@id\":\"https:\/\/dronecleaner-latam.com\/servicios\/#breadcrumb\",\"itemListElement\":[{\"@type\":\"ListItem\",\"position\":1,\"name\":\"Inicio\",\"item\":\"https:\/\/dronecleaner-latam.com\/\"},{\"@type\":\"ListItem\",\"position\":2,\"name\":\"Servicios\"}]},{\"@type\":\"WebSite\",\"@id\":\"https:\/\/dronecleaner-latam.com\/#website\",\"url\":\"https:\/\/dronecleaner-latam.com\/\",\"name\":\"Dronecleaner\",\"description\":\"Nuestro equipo de drones equipados con avanzados sistemas de limpieza realiza tareas de limpieza a\u00e9rea, abordando \u00e1reas de dif\u00edcil acceso y proporcionando soluciones r\u00e1pidas\",\"potentialAction\":[{\"@type\":\"SearchAction\",\"target\":{\"@type\":\"EntryPoint\",\"urlTemplate\":\"https:\/\/dronecleaner-latam.com\/?s={search_term_string}\"},\"query-input\":{\"@type\":\"PropertyValueSpecification\",\"valueRequired\":true,\"valueName\":\"search_term_string\"}}],\"inLanguage\":\"en-US\"}]}<\/script>\n<!-- \/ Yoast SEO plugin. -->","yoast_head_json":{"title":"Servicios | Drone Cleaner","description":"Empresa especializada en limpieza de fachadas, vidrios, paneles solares y m\u00e1s mediante drones. Innovaci\u00f3n, seguridad y eficiencia","robots":{"index":"index","follow":"follow","max-snippet":"max-snippet:-1","max-image-preview":"max-image-preview:large","max-video-preview":"max-video-preview:-1"},"canonical":"https:\/\/dronecleaner-latam.com\/en\/servicios\/","og_locale":"en_US","og_type":"article","og_title":"Servicios | Drone Cleaner","og_description":"Empresa especializada en limpieza de fachadas, vidrios, paneles solares y m\u00e1s mediante drones. Innovaci\u00f3n, seguridad y eficiencia","og_url":"https:\/\/dronecleaner-latam.com\/en\/servicios\/","og_site_name":"Dronecleaner","article_modified_time":"2025-09-16T23:54:02+00:00","og_image":[{"width":180,"height":164,"url":"https:\/\/dronecleaner-latam.com\/wp-content\/uploads\/2023\/09\/fondo.jpg","type":"image\/jpeg"}],"twitter_card":"summary_large_image","twitter_misc":{"Est. reading time":"4 minutes"},"schema":{"@context":"https:\/\/schema.org","@graph":[{"@type":"WebPage","@id":"https:\/\/dronecleaner-latam.com\/servicios\/","url":"https:\/\/dronecleaner-latam.com\/servicios\/","name":"Servicios | Drone Cleaner","isPartOf":{"@id":"https:\/\/dronecleaner-latam.com\/#website"},"primaryImageOfPage":{"@id":"https:\/\/dronecleaner-latam.com\/servicios\/#primaryimage"},"image":{"@id":"https:\/\/dronecleaner-latam.com\/servicios\/#primaryimage"},"thumbnailUrl":"https:\/\/dronecleaner-latam.com\/wp-content\/uploads\/2023\/09\/fondo.jpg","datePublished":"2023-12-10T23:34:13+00:00","dateModified":"2025-09-16T23:54:02+00:00","description":"Empresa especializada en limpieza de fachadas, vidrios, paneles solares y m\u00e1s mediante drones. Innovaci\u00f3n, seguridad y eficiencia","breadcrumb":{"@id":"https:\/\/dronecleaner-latam.com\/servicios\/#breadcrumb"},"inLanguage":"en-US","potentialAction":[{"@type":"ReadAction","target":["https:\/\/dronecleaner-latam.com\/servicios\/"]}]},{"@type":"ImageObject","inLanguage":"en-US","@id":"https:\/\/dronecleaner-latam.com\/servicios\/#primaryimage","url":"https:\/\/dronecleaner-latam.com\/wp-content\/uploads\/2023\/09\/fondo.jpg","contentUrl":"https:\/\/dronecleaner-latam.com\/wp-content\/uploads\/2023\/09\/fondo.jpg","width":180,"height":164},{"@type":"BreadcrumbList","@id":"https:\/\/dronecleaner-latam.com\/servicios\/#breadcrumb","itemListElement":[{"@type":"ListItem","position":1,"name":"Inicio","item":"https:\/\/dronecleaner-latam.com\/"},{"@type":"ListItem","position":2,"name":"Servicios"}]},{"@type":"WebSite","@id":"https:\/\/dronecleaner-latam.com\/#website","url":"https:\/\/dronecleaner-latam.com\/","name":"Dronecleaner","description":"Nuestro equipo de drones equipados con avanzados sistemas de limpieza realiza tareas de limpieza a\u00e9rea, abordando \u00e1reas de dif\u00edcil acceso y proporcionando soluciones r\u00e1pidas","potentialAction":[{"@type":"SearchAction","target":{"@type":"EntryPoint","urlTemplate":"https:\/\/dronecleaner-latam.com\/?s={search_term_string}"},"query-input":{"@type":"PropertyValueSpecification","valueRequired":true,"valueName":"search_term_string"}}],"inLanguage":"en-US"}]}},"_links":{"self":[{"href":"https:\/\/dronecleaner-latam.com\/en\/wp-json\/wp\/v2\/pages\/673","targetHints":{"allow":["GET"]}}],"collection":[{"href":"https:\/\/dronecleaner-latam.com\/en\/wp-json\/wp\/v2\/pages"}],"about":[{"href":"https:\/\/dronecleaner-latam.com\/en\/wp-json\/wp\/v2\/types\/page"}],"author":[{"embeddable":true,"href":"https:\/\/dronecleaner-latam.com\/en\/wp-json\/wp\/v2\/users\/4"}],"replies":[{"embeddable":true,"href":"https:\/\/dronecleaner-latam.com\/en\/wp-json\/wp\/v2\/comments?post=673"}],"version-history":[{"count":25,"href":"https:\/\/dronecleaner-latam.com\/en\/wp-json\/wp\/v2\/pages\/673\/revisions"}],"predecessor-version":[{"id":1147,"href":"https:\/\/dronecleaner-latam.com\/en\/wp-json\/wp\/v2\/pages\/673\/revisions\/1147"}],"wp:featuredmedia":[{"embeddable":true,"href":"https:\/\/dronecleaner-latam.com\/en\/wp-json\/wp\/v2\/media\/620"}],"wp:attachment":[{"href":"https:\/\/dronecleaner-latam.com\/en\/wp-json\/wp\/v2\/media?parent=673"}],"curies":[{"name":"wp","href":"https:\/\/api.w.org\/{rel}","templated":true}]}}