{"id":1053,"date":"2024-08-22T21:57:53","date_gmt":"2024-08-23T00:57:53","guid":{"rendered":"https:\/\/dronecleaner-latam.com\/?page_id=1053"},"modified":"2024-08-22T21:57:53","modified_gmt":"2024-08-23T00:57:53","slug":"galeria","status":"publish","type":"page","link":"https:\/\/dronecleaner-latam.com\/en\/galeria\/","title":{"rendered":"Galer\u00eda"},"content":{"rendered":"<div class=\"banner has-hover has-parallax\" id=\"banner-219762055\">\n          <div class=\"banner-inner fill\">\n        <div class=\"banner-bg fill\" data-parallax=\"-3\" data-parallax-container=\".banner\" data-parallax-background>\n            <img loading=\"lazy\" decoding=\"async\" width=\"1880\" height=\"1576\" src=\"https:\/\/dronecleaner-latam.com\/wp-content\/uploads\/2024\/05\/drone31.png\" class=\"bg attachment-original size-original\" alt=\"\" \/>                                    \n                    <\/div>\n\t\t\n        <div class=\"banner-layers container\">\n            <div class=\"fill banner-link\"><\/div>            \n\n   <div id=\"text-box-1911069408\" class=\"text-box banner-layer x50 md-x50 lg-x50 y60 md-y70 lg-y70 res-text\">\n                                <div class=\"text-box-content text dark\">\n              \n              <div class=\"text-inner text-center\">\n                  \n\n\t<div id=\"text-3688686452\" class=\"text\">\n\t\t\n\n<h1 class=\"lead\"><b>Galer\u00eda<\/b><\/h1>\n<p class=\"lead\">\n\n\t\t\n<style>\n#text-3688686452 {\n  text-align: center;\n}\n<\/style>\n\t<\/div>\n\t\n\n              <\/div>\n           <\/div>\n                            \n<style>\n#text-box-1911069408 {\n  width: 89%;\n}\n#text-box-1911069408 .text-box-content {\n  font-size: 100%;\n}\n@media (min-width:550px) {\n  #text-box-1911069408 {\n    width: 82%;\n  }\n}\n<\/style>\n    <\/div>\n \n\n        <\/div>\n      <\/div>\n\n            \n<style>\n#banner-219762055 {\n  padding-top: 517px;\n}\n#banner-219762055 .banner-bg img {\n  object-position: 41% 80%;\n}\n<\/style>\n  <\/div>\n\n\n<div class=\"row\"  id=\"row-1390456373\">\n\n\n\t<div id=\"col-825723484\" class=\"col small-12 large-12\"  >\n\t\t\t\t<div class=\"col-inner\"  >\n\t\t\t\n\t\t\t\n\n<div class=\"text-center\"><div class=\"is-divider divider clearfix\" ><\/div><\/div>\n\n\n  \n    <div class=\"row large-columns-4 medium-columns-3 small-columns-2\" >\n  <div class=\"gallery-col col\" >\n          <div class=\"col-inner\">\n            <a class=\"image-lightbox lightbox-gallery\" href=\"https:\/\/dronecleaner-latam.com\/wp-content\/uploads\/2024\/08\/WhatsApp-Image-2024-08-22-at-17.16.23-1-600x800.jpeg\" title=\"\">            <div class=\"box has-hover gallery-box box-overlay dark\">\n              <div class=\"box-image\" >\n                <img loading=\"lazy\" decoding=\"async\" width=\"300\" height=\"400\" src=\"https:\/\/dronecleaner-latam.com\/wp-content\/uploads\/2024\/08\/WhatsApp-Image-2024-08-22-at-17.16.23-1-300x400.jpeg\" class=\"attachment-medium size-medium\" alt=\"\" ids=\"1046,1047,1048,1049,1050,1051\" srcset=\"https:\/\/dronecleaner-latam.com\/wp-content\/uploads\/2024\/08\/WhatsApp-Image-2024-08-22-at-17.16.23-1-300x400.jpeg 300w, https:\/\/dronecleaner-latam.com\/wp-content\/uploads\/2024\/08\/WhatsApp-Image-2024-08-22-at-17.16.23-1-600x800.jpeg 600w, https:\/\/dronecleaner-latam.com\/wp-content\/uploads\/2024\/08\/WhatsApp-Image-2024-08-22-at-17.16.23-1-768x1024.jpeg 768w, https:\/\/dronecleaner-latam.com\/wp-content\/uploads\/2024\/08\/WhatsApp-Image-2024-08-22-at-17.16.23-1-1152x1536.jpeg 1152w, https:\/\/dronecleaner-latam.com\/wp-content\/uploads\/2024\/08\/WhatsApp-Image-2024-08-22-at-17.16.23-1-1536x2048.jpeg 1536w, https:\/\/dronecleaner-latam.com\/wp-content\/uploads\/2024\/08\/WhatsApp-Image-2024-08-22-at-17.16.23-1-9x12.jpeg 9w, https:\/\/dronecleaner-latam.com\/wp-content\/uploads\/2024\/08\/WhatsApp-Image-2024-08-22-at-17.16.23-1-scaled.jpeg 1920w\" sizes=\"auto, (max-width: 300px) 100vw, 300px\" \/>                                  <div class=\"overlay fill\"\n                      style=\"background-color: rgba(0,0,0,.15)\">\n                  <\/div>\n                                                              <\/div>\n              <div class=\"box-text text-left\" >\n                 <p><\/p>\n              <\/div>\n            <\/div>\n            <\/a>          <\/div>\n         <\/div><div class=\"gallery-col col\" >\n          <div class=\"col-inner\">\n            <a class=\"image-lightbox lightbox-gallery\" href=\"https:\/\/dronecleaner-latam.com\/wp-content\/uploads\/2024\/08\/WhatsApp-Image-2024-08-22-at-17.16.23-600x800.jpeg\" title=\"\">            <div class=\"box has-hover gallery-box box-overlay dark\">\n              <div class=\"box-image\" >\n                <img loading=\"lazy\" decoding=\"async\" width=\"300\" height=\"400\" src=\"https:\/\/dronecleaner-latam.com\/wp-content\/uploads\/2024\/08\/WhatsApp-Image-2024-08-22-at-17.16.23-300x400.jpeg\" class=\"attachment-medium size-medium\" alt=\"\" ids=\"1046,1047,1048,1049,1050,1051\" srcset=\"https:\/\/dronecleaner-latam.com\/wp-content\/uploads\/2024\/08\/WhatsApp-Image-2024-08-22-at-17.16.23-300x400.jpeg 300w, https:\/\/dronecleaner-latam.com\/wp-content\/uploads\/2024\/08\/WhatsApp-Image-2024-08-22-at-17.16.23-600x800.jpeg 600w, https:\/\/dronecleaner-latam.com\/wp-content\/uploads\/2024\/08\/WhatsApp-Image-2024-08-22-at-17.16.23-768x1024.jpeg 768w, https:\/\/dronecleaner-latam.com\/wp-content\/uploads\/2024\/08\/WhatsApp-Image-2024-08-22-at-17.16.23-1152x1536.jpeg 1152w, https:\/\/dronecleaner-latam.com\/wp-content\/uploads\/2024\/08\/WhatsApp-Image-2024-08-22-at-17.16.23-1536x2048.jpeg 1536w, https:\/\/dronecleaner-latam.com\/wp-content\/uploads\/2024\/08\/WhatsApp-Image-2024-08-22-at-17.16.23-9x12.jpeg 9w, https:\/\/dronecleaner-latam.com\/wp-content\/uploads\/2024\/08\/WhatsApp-Image-2024-08-22-at-17.16.23-scaled.jpeg 1920w\" sizes=\"auto, (max-width: 300px) 100vw, 300px\" \/>                                  <div class=\"overlay fill\"\n                      style=\"background-color: rgba(0,0,0,.15)\">\n                  <\/div>\n                                                              <\/div>\n              <div class=\"box-text text-left\" >\n                 <p><\/p>\n              <\/div>\n            <\/div>\n            <\/a>          <\/div>\n         <\/div><div class=\"gallery-col col\" >\n          <div class=\"col-inner\">\n            <a class=\"image-lightbox lightbox-gallery\" href=\"https:\/\/dronecleaner-latam.com\/wp-content\/uploads\/2024\/08\/WhatsApp-Image-2024-08-22-at-17.17.20-600x800.jpeg\" title=\"\">            <div class=\"box has-hover gallery-box box-overlay dark\">\n              <div class=\"box-image\" >\n                <img loading=\"lazy\" decoding=\"async\" width=\"300\" height=\"400\" src=\"https:\/\/dronecleaner-latam.com\/wp-content\/uploads\/2024\/08\/WhatsApp-Image-2024-08-22-at-17.17.20-300x400.jpeg\" class=\"attachment-medium size-medium\" alt=\"\" ids=\"1046,1047,1048,1049,1050,1051\" srcset=\"https:\/\/dronecleaner-latam.com\/wp-content\/uploads\/2024\/08\/WhatsApp-Image-2024-08-22-at-17.17.20-300x400.jpeg 300w, https:\/\/dronecleaner-latam.com\/wp-content\/uploads\/2024\/08\/WhatsApp-Image-2024-08-22-at-17.17.20-600x800.jpeg 600w, https:\/\/dronecleaner-latam.com\/wp-content\/uploads\/2024\/08\/WhatsApp-Image-2024-08-22-at-17.17.20-768x1024.jpeg 768w, https:\/\/dronecleaner-latam.com\/wp-content\/uploads\/2024\/08\/WhatsApp-Image-2024-08-22-at-17.17.20-9x12.jpeg 9w, https:\/\/dronecleaner-latam.com\/wp-content\/uploads\/2024\/08\/WhatsApp-Image-2024-08-22-at-17.17.20.jpeg 960w\" sizes=\"auto, (max-width: 300px) 100vw, 300px\" \/>                                  <div class=\"overlay fill\"\n                      style=\"background-color: rgba(0,0,0,.15)\">\n                  <\/div>\n                                                              <\/div>\n              <div class=\"box-text text-left\" >\n                 <p><\/p>\n              <\/div>\n            <\/div>\n            <\/a>          <\/div>\n         <\/div><div class=\"gallery-col col\" >\n          <div class=\"col-inner\">\n            <a class=\"image-lightbox lightbox-gallery\" href=\"https:\/\/dronecleaner-latam.com\/wp-content\/uploads\/2024\/08\/WhatsApp-Image-2024-08-22-at-17.17.21-1-600x800.jpeg\" title=\"\">            <div class=\"box has-hover gallery-box box-overlay dark\">\n              <div class=\"box-image\" >\n                <img loading=\"lazy\" decoding=\"async\" width=\"300\" height=\"400\" src=\"https:\/\/dronecleaner-latam.com\/wp-content\/uploads\/2024\/08\/WhatsApp-Image-2024-08-22-at-17.17.21-1-300x400.jpeg\" class=\"attachment-medium size-medium\" alt=\"\" ids=\"1046,1047,1048,1049,1050,1051\" srcset=\"https:\/\/dronecleaner-latam.com\/wp-content\/uploads\/2024\/08\/WhatsApp-Image-2024-08-22-at-17.17.21-1-300x400.jpeg 300w, https:\/\/dronecleaner-latam.com\/wp-content\/uploads\/2024\/08\/WhatsApp-Image-2024-08-22-at-17.17.21-1-600x800.jpeg 600w, https:\/\/dronecleaner-latam.com\/wp-content\/uploads\/2024\/08\/WhatsApp-Image-2024-08-22-at-17.17.21-1-768x1024.jpeg 768w, https:\/\/dronecleaner-latam.com\/wp-content\/uploads\/2024\/08\/WhatsApp-Image-2024-08-22-at-17.17.21-1-9x12.jpeg 9w, https:\/\/dronecleaner-latam.com\/wp-content\/uploads\/2024\/08\/WhatsApp-Image-2024-08-22-at-17.17.21-1.jpeg 960w\" sizes=\"auto, (max-width: 300px) 100vw, 300px\" \/>                                  <div class=\"overlay fill\"\n                      style=\"background-color: rgba(0,0,0,.15)\">\n                  <\/div>\n                                                              <\/div>\n              <div class=\"box-text text-left\" >\n                 <p><\/p>\n              <\/div>\n            <\/div>\n            <\/a>          <\/div>\n         <\/div><div class=\"gallery-col col\" >\n          <div class=\"col-inner\">\n            <a class=\"image-lightbox lightbox-gallery\" href=\"https:\/\/dronecleaner-latam.com\/wp-content\/uploads\/2024\/08\/WhatsApp-Image-2024-08-22-at-17.17.21-2-600x800.jpeg\" title=\"\">            <div class=\"box has-hover gallery-box box-overlay dark\">\n              <div class=\"box-image\" >\n                <img loading=\"lazy\" decoding=\"async\" width=\"300\" height=\"400\" src=\"https:\/\/dronecleaner-latam.com\/wp-content\/uploads\/2024\/08\/WhatsApp-Image-2024-08-22-at-17.17.21-2-300x400.jpeg\" class=\"attachment-medium size-medium\" alt=\"\" ids=\"1046,1047,1048,1049,1050,1051\" srcset=\"https:\/\/dronecleaner-latam.com\/wp-content\/uploads\/2024\/08\/WhatsApp-Image-2024-08-22-at-17.17.21-2-300x400.jpeg 300w, https:\/\/dronecleaner-latam.com\/wp-content\/uploads\/2024\/08\/WhatsApp-Image-2024-08-22-at-17.17.21-2-600x800.jpeg 600w, https:\/\/dronecleaner-latam.com\/wp-content\/uploads\/2024\/08\/WhatsApp-Image-2024-08-22-at-17.17.21-2-768x1024.jpeg 768w, https:\/\/dronecleaner-latam.com\/wp-content\/uploads\/2024\/08\/WhatsApp-Image-2024-08-22-at-17.17.21-2-9x12.jpeg 9w, https:\/\/dronecleaner-latam.com\/wp-content\/uploads\/2024\/08\/WhatsApp-Image-2024-08-22-at-17.17.21-2.jpeg 960w\" sizes=\"auto, (max-width: 300px) 100vw, 300px\" \/>                                  <div class=\"overlay fill\"\n                      style=\"background-color: rgba(0,0,0,.15)\">\n                  <\/div>\n                                                              <\/div>\n              <div class=\"box-text text-left\" >\n                 <p><\/p>\n              <\/div>\n            <\/div>\n            <\/a>          <\/div>\n         <\/div><div class=\"gallery-col col\" >\n          <div class=\"col-inner\">\n            <a class=\"image-lightbox lightbox-gallery\" href=\"https:\/\/dronecleaner-latam.com\/wp-content\/uploads\/2024\/08\/WhatsApp-Image-2024-08-22-at-17.17.21-600x800.jpeg\" title=\"\">            <div class=\"box has-hover gallery-box box-overlay dark\">\n              <div class=\"box-image\" >\n                <img loading=\"lazy\" decoding=\"async\" width=\"300\" height=\"400\" src=\"https:\/\/dronecleaner-latam.com\/wp-content\/uploads\/2024\/08\/WhatsApp-Image-2024-08-22-at-17.17.21-300x400.jpeg\" class=\"attachment-medium size-medium\" alt=\"\" ids=\"1046,1047,1048,1049,1050,1051\" srcset=\"https:\/\/dronecleaner-latam.com\/wp-content\/uploads\/2024\/08\/WhatsApp-Image-2024-08-22-at-17.17.21-300x400.jpeg 300w, https:\/\/dronecleaner-latam.com\/wp-content\/uploads\/2024\/08\/WhatsApp-Image-2024-08-22-at-17.17.21-600x800.jpeg 600w, https:\/\/dronecleaner-latam.com\/wp-content\/uploads\/2024\/08\/WhatsApp-Image-2024-08-22-at-17.17.21-768x1024.jpeg 768w, https:\/\/dronecleaner-latam.com\/wp-content\/uploads\/2024\/08\/WhatsApp-Image-2024-08-22-at-17.17.21-9x12.jpeg 9w, https:\/\/dronecleaner-latam.com\/wp-content\/uploads\/2024\/08\/WhatsApp-Image-2024-08-22-at-17.17.21.jpeg 960w\" sizes=\"auto, (max-width: 300px) 100vw, 300px\" \/>                                  <div class=\"overlay fill\"\n                      style=\"background-color: rgba(0,0,0,.15)\">\n                  <\/div>\n                                                              <\/div>\n              <div class=\"box-text text-left\" >\n                 <p><\/p>\n              <\/div>\n            <\/div>\n            <\/a>          <\/div>\n         <\/div><\/div>\n\n\n\t\t<\/div>\n\t\t\t\t\t<\/div>\n\n\t\n\n<\/div>","protected":false},"excerpt":{"rendered":"","protected":false},"author":4,"featured_media":620,"parent":0,"menu_order":0,"comment_status":"closed","ping_status":"closed","template":"page-transparent-header-light.php","meta":{"_joinchat":[],"footnotes":""},"class_list":["post-1053","page","type-page","status-publish","has-post-thumbnail","hentry"],"yoast_head":"<!-- This site is optimized with the Yoast SEO plugin v25.9 - https:\/\/yoast.com\/wordpress\/plugins\/seo\/ -->\n<title>Galer\u00eda - Dronecleaner<\/title>\n<meta name=\"robots\" content=\"index, follow, max-snippet:-1, max-image-preview:large, max-video-preview:-1\" \/>\n<link rel=\"canonical\" href=\"https:\/\/dronecleaner-latam.com\/en\/galeria\/\" \/>\n<meta property=\"og:locale\" content=\"en_US\" \/>\n<meta property=\"og:type\" content=\"article\" \/>\n<meta property=\"og:title\" content=\"Galer\u00eda - Dronecleaner\" \/>\n<meta property=\"og:url\" content=\"https:\/\/dronecleaner-latam.com\/en\/galeria\/\" \/>\n<meta property=\"og:site_name\" content=\"Dronecleaner\" \/>\n<meta property=\"og:image\" content=\"https:\/\/dronecleaner-latam.com\/wp-content\/uploads\/2023\/09\/fondo.jpg\" \/>\n\t<meta property=\"og:image:width\" content=\"180\" \/>\n\t<meta property=\"og:image:height\" content=\"164\" \/>\n\t<meta property=\"og:image:type\" content=\"image\/jpeg\" \/>\n<meta name=\"twitter:card\" content=\"summary_large_image\" \/>\n<script type=\"application\/ld+json\" class=\"yoast-schema-graph\">{\"@context\":\"https:\/\/schema.org\",\"@graph\":[{\"@type\":\"WebPage\",\"@id\":\"https:\/\/dronecleaner-latam.com\/galeria\/\",\"url\":\"https:\/\/dronecleaner-latam.com\/galeria\/\",\"name\":\"Galer\u00eda - Dronecleaner\",\"isPartOf\":{\"@id\":\"https:\/\/dronecleaner-latam.com\/#website\"},\"primaryImageOfPage\":{\"@id\":\"https:\/\/dronecleaner-latam.com\/galeria\/#primaryimage\"},\"image\":{\"@id\":\"https:\/\/dronecleaner-latam.com\/galeria\/#primaryimage\"},\"thumbnailUrl\":\"https:\/\/dronecleaner-latam.com\/wp-content\/uploads\/2023\/09\/fondo.jpg\",\"datePublished\":\"2024-08-23T00:57:53+00:00\",\"breadcrumb\":{\"@id\":\"https:\/\/dronecleaner-latam.com\/galeria\/#breadcrumb\"},\"inLanguage\":\"en-US\",\"potentialAction\":[{\"@type\":\"ReadAction\",\"target\":[\"https:\/\/dronecleaner-latam.com\/galeria\/\"]}]},{\"@type\":\"ImageObject\",\"inLanguage\":\"en-US\",\"@id\":\"https:\/\/dronecleaner-latam.com\/galeria\/#primaryimage\",\"url\":\"https:\/\/dronecleaner-latam.com\/wp-content\/uploads\/2023\/09\/fondo.jpg\",\"contentUrl\":\"https:\/\/dronecleaner-latam.com\/wp-content\/uploads\/2023\/09\/fondo.jpg\",\"width\":180,\"height\":164},{\"@type\":\"BreadcrumbList\",\"@id\":\"https:\/\/dronecleaner-latam.com\/galeria\/#breadcrumb\",\"itemListElement\":[{\"@type\":\"ListItem\",\"position\":1,\"name\":\"Inicio\",\"item\":\"https:\/\/dronecleaner-latam.com\/\"},{\"@type\":\"ListItem\",\"position\":2,\"name\":\"Galer\u00eda\"}]},{\"@type\":\"WebSite\",\"@id\":\"https:\/\/dronecleaner-latam.com\/#website\",\"url\":\"https:\/\/dronecleaner-latam.com\/\",\"name\":\"Dronecleaner\",\"description\":\"Nuestro equipo de drones equipados con avanzados sistemas de limpieza realiza tareas de limpieza a\u00e9rea, abordando \u00e1reas de dif\u00edcil acceso y proporcionando soluciones r\u00e1pidas\",\"potentialAction\":[{\"@type\":\"SearchAction\",\"target\":{\"@type\":\"EntryPoint\",\"urlTemplate\":\"https:\/\/dronecleaner-latam.com\/?s={search_term_string}\"},\"query-input\":{\"@type\":\"PropertyValueSpecification\",\"valueRequired\":true,\"valueName\":\"search_term_string\"}}],\"inLanguage\":\"en-US\"}]}<\/script>\n<!-- \/ Yoast SEO plugin. -->","yoast_head_json":{"title":"Galer\u00eda - Dronecleaner","robots":{"index":"index","follow":"follow","max-snippet":"max-snippet:-1","max-image-preview":"max-image-preview:large","max-video-preview":"max-video-preview:-1"},"canonical":"https:\/\/dronecleaner-latam.com\/en\/galeria\/","og_locale":"en_US","og_type":"article","og_title":"Galer\u00eda - Dronecleaner","og_url":"https:\/\/dronecleaner-latam.com\/en\/galeria\/","og_site_name":"Dronecleaner","og_image":[{"width":180,"height":164,"url":"https:\/\/dronecleaner-latam.com\/wp-content\/uploads\/2023\/09\/fondo.jpg","type":"image\/jpeg"}],"twitter_card":"summary_large_image","schema":{"@context":"https:\/\/schema.org","@graph":[{"@type":"WebPage","@id":"https:\/\/dronecleaner-latam.com\/galeria\/","url":"https:\/\/dronecleaner-latam.com\/galeria\/","name":"Galer\u00eda - Dronecleaner","isPartOf":{"@id":"https:\/\/dronecleaner-latam.com\/#website"},"primaryImageOfPage":{"@id":"https:\/\/dronecleaner-latam.com\/galeria\/#primaryimage"},"image":{"@id":"https:\/\/dronecleaner-latam.com\/galeria\/#primaryimage"},"thumbnailUrl":"https:\/\/dronecleaner-latam.com\/wp-content\/uploads\/2023\/09\/fondo.jpg","datePublished":"2024-08-23T00:57:53+00:00","breadcrumb":{"@id":"https:\/\/dronecleaner-latam.com\/galeria\/#breadcrumb"},"inLanguage":"en-US","potentialAction":[{"@type":"ReadAction","target":["https:\/\/dronecleaner-latam.com\/galeria\/"]}]},{"@type":"ImageObject","inLanguage":"en-US","@id":"https:\/\/dronecleaner-latam.com\/galeria\/#primaryimage","url":"https:\/\/dronecleaner-latam.com\/wp-content\/uploads\/2023\/09\/fondo.jpg","contentUrl":"https:\/\/dronecleaner-latam.com\/wp-content\/uploads\/2023\/09\/fondo.jpg","width":180,"height":164},{"@type":"BreadcrumbList","@id":"https:\/\/dronecleaner-latam.com\/galeria\/#breadcrumb","itemListElement":[{"@type":"ListItem","position":1,"name":"Inicio","item":"https:\/\/dronecleaner-latam.com\/"},{"@type":"ListItem","position":2,"name":"Galer\u00eda"}]},{"@type":"WebSite","@id":"https:\/\/dronecleaner-latam.com\/#website","url":"https:\/\/dronecleaner-latam.com\/","name":"Dronecleaner","description":"Nuestro equipo de drones equipados con avanzados sistemas de limpieza realiza tareas de limpieza a\u00e9rea, abordando \u00e1reas de dif\u00edcil acceso y proporcionando soluciones r\u00e1pidas","potentialAction":[{"@type":"SearchAction","target":{"@type":"EntryPoint","urlTemplate":"https:\/\/dronecleaner-latam.com\/?s={search_term_string}"},"query-input":{"@type":"PropertyValueSpecification","valueRequired":true,"valueName":"search_term_string"}}],"inLanguage":"en-US"}]}},"_links":{"self":[{"href":"https:\/\/dronecleaner-latam.com\/en\/wp-json\/wp\/v2\/pages\/1053","targetHints":{"allow":["GET"]}}],"collection":[{"href":"https:\/\/dronecleaner-latam.com\/en\/wp-json\/wp\/v2\/pages"}],"about":[{"href":"https:\/\/dronecleaner-latam.com\/en\/wp-json\/wp\/v2\/types\/page"}],"author":[{"embeddable":true,"href":"https:\/\/dronecleaner-latam.com\/en\/wp-json\/wp\/v2\/users\/4"}],"replies":[{"embeddable":true,"href":"https:\/\/dronecleaner-latam.com\/en\/wp-json\/wp\/v2\/comments?post=1053"}],"version-history":[{"count":2,"href":"https:\/\/dronecleaner-latam.com\/en\/wp-json\/wp\/v2\/pages\/1053\/revisions"}],"predecessor-version":[{"id":1055,"href":"https:\/\/dronecleaner-latam.com\/en\/wp-json\/wp\/v2\/pages\/1053\/revisions\/1055"}],"wp:featuredmedia":[{"embeddable":true,"href":"https:\/\/dronecleaner-latam.com\/en\/wp-json\/wp\/v2\/media\/620"}],"wp:attachment":[{"href":"https:\/\/dronecleaner-latam.com\/en\/wp-json\/wp\/v2\/media?parent=1053"}],"curies":[{"name":"wp","href":"https:\/\/api.w.org\/{rel}","templated":true}]}}