{"id":1030,"date":"2024-07-25T14:02:22","date_gmt":"2024-07-25T17:02:22","guid":{"rendered":"https:\/\/dronecleaner-latam.com\/?page_id=1030"},"modified":"2025-09-16T21:01:13","modified_gmt":"2025-09-17T00:01:13","slug":"franquicias","status":"publish","type":"page","link":"https:\/\/dronecleaner-latam.com\/en\/franquicias\/","title":{"rendered":"Franquicias"},"content":{"rendered":"<div class=\"banner has-hover has-parallax\" id=\"banner-1514574599\">\n          <div class=\"banner-inner fill\">\n        <div class=\"banner-bg fill\" data-parallax=\"-3\" data-parallax-container=\".banner\" data-parallax-background>\n            <img loading=\"lazy\" decoding=\"async\" width=\"2730\" height=\"4096\" src=\"https:\/\/dronecleaner-latam.com\/wp-content\/uploads\/2025\/09\/Rectangle-29-2.png\" class=\"bg attachment-original size-original\" alt=\"\" \/>                                    \n                    <\/div>\n\t\t\n        <div class=\"banner-layers container\">\n            <div class=\"fill banner-link\"><\/div>            \n\n   <div id=\"text-box-2027580098\" class=\"text-box banner-layer x50 md-x50 lg-x50 y65 md-y65 lg-y65 res-text\">\n                                <div class=\"text-box-content text dark\">\n              \n              <div class=\"text-inner text-center\">\n                  \n\n\t<div id=\"text-3810345660\" class=\"text\">\n\t\t\n\n<h1 class=\"lead\"><b>Franquicias<\/b><\/h1>\n<p class=\"lead\">\n\t\t\n<style>\n#text-3810345660 {\n  text-align: center;\n}\n<\/style>\n\t<\/div>\n\t\n\n              <\/div>\n           <\/div>\n                            \n<style>\n#text-box-2027580098 {\n  width: 89%;\n}\n#text-box-2027580098 .text-box-content {\n  font-size: 100%;\n}\n@media (min-width:550px) {\n  #text-box-2027580098 {\n    width: 82%;\n  }\n}\n<\/style>\n    <\/div>\n \n\n        <\/div>\n      <\/div>\n\n            \n<style>\n#banner-1514574599 {\n  padding-top: 517px;\n}\n#banner-1514574599 .banner-bg img {\n  object-position: 51% 19%;\n}\n<\/style>\n  <\/div>\n\n\n<div class=\"row hide-for-small\"  id=\"row-1001380506\">\n\n\n\t<div id=\"col-1757021014\" class=\"col small-12 large-12\"  >\n\t\t\t\t<div class=\"col-inner\"  >\n\t\t\t\n\t\t\t\n\n\t<div id=\"text-1780012829\" class=\"text\">\n\t\t\n\n<p>DRONE CLEANER es un nuevo concepto de limpieza altamente tecnificado utilizando drones especialmente equipados para llevar a cabo la limpieza de diferentes superficies, tales como vidrio, aluminio, laminados, ladrillo que se encuentran en diferentes estructuras, muchas de ellas inaccesibles hasta el d\u00eda de hoy para poder limpiarlas..<\/p>\n\t\t\n<style>\n#text-1780012829 {\n  font-size: 1.4rem;\n  text-align: center;\n  color: #111111;\n}\n#text-1780012829 > * {\n  color: #111111;\n}\n@media (min-width:550px) {\n  #text-1780012829 {\n    text-align: left;\n  }\n}\n<\/style>\n\t<\/div>\n\t\n<div class=\"is-divider divider clearfix\" ><\/div>\n\n<div class=\"row\"  id=\"row-1456661444\">\n\n\n\t<div id=\"col-665321487\" class=\"col medium-6 small-12 large-6\"  >\n\t\t\t\t<div class=\"col-inner\"  >\n\t\t\t\n\t\t\t\n\n\t<div class=\"img has-hover x md-x lg-x y md-y lg-y\" id=\"image_1453731904\">\n\t\t\t\t\t\t\t\t<div class=\"img-inner dark\" >\n\t\t\t<img loading=\"lazy\" decoding=\"async\" width=\"960\" height=\"540\" src=\"https:\/\/dronecleaner-latam.com\/wp-content\/uploads\/2025\/09\/image-5.png\" class=\"attachment-large size-large\" alt=\"\" srcset=\"https:\/\/dronecleaner-latam.com\/wp-content\/uploads\/2025\/09\/image-5.png 960w, https:\/\/dronecleaner-latam.com\/wp-content\/uploads\/2025\/09\/image-5-711x400.png 711w, https:\/\/dronecleaner-latam.com\/wp-content\/uploads\/2025\/09\/image-5-768x432.png 768w, https:\/\/dronecleaner-latam.com\/wp-content\/uploads\/2025\/09\/image-5-18x10.png 18w\" sizes=\"auto, (max-width: 960px) 100vw, 960px\" \/>\t\t\t\t\t\t\n\t\t\t\t\t<\/div>\n\t\t\t\t\t\t\t\t\n<style>\n#image_1453731904 {\n  width: 100%;\n}\n<\/style>\n\t<\/div>\n\t\n\n\n\t\t<\/div>\n\t\t\t\t\t<\/div>\n\n\t\n\n\t<div id=\"col-1766241759\" class=\"col medium-6 small-12 large-6\"  >\n\t\t\t\t<div class=\"col-inner\"  >\n\t\t\t\n\t\t\t\n\n\t<div id=\"text-1106362627\" class=\"text\">\n\t\t\n\n<p>Esta nueva tecnolog\u00eda adem\u00e1s de ser m\u00e1s r\u00e1pida y con un margen de utilidad sumamente interesante, previene de posibles accidentes a los operarios que llevan a cabo estas labores.<\/p>\n<p>Un grupo de visionarios en Canc\u00fan, M\u00e9xico, ha llevando a cabo las pruebas pertinentes para el funcionamiento \u00f3ptimo de este servicio y con la asesor\u00eda de un experto en franquicias, han creado un nuevo concepto de franquicia, que revolucionar\u00e1 la industria de la limpieza y la cual ya est\u00e1 disponible en M\u00e9xico y otros pa\u00edses, especialmente de Am\u00e9rica Latina.<\/p>\n\t\t\n<style>\n#text-1106362627 {\n  font-size: 1.1rem;\n  text-align: left;\n  color: rgb(17, 17, 17);\n}\n#text-1106362627 > * {\n  color: rgb(17, 17, 17);\n}\n<\/style>\n\t<\/div>\n\t\n\n\t\t<\/div>\n\t\t\t\t\t<\/div>\n\n\t\n\n<\/div>\n\t<div id=\"text-554912851\" class=\"text\">\n\t\t\n\n<p>Nos ponemos a sus \u00f3rdenes para que conozcan ustedes nuestra franquicia y puedan tener acceso a un negocio novedoso, seguro y con excelentes utilidades.<\/p>\n\t\t\n<style>\n#text-554912851 {\n  font-size: 1.1rem;\n  color: rgb(17, 17, 17);\n}\n#text-554912851 > * {\n  color: rgb(17, 17, 17);\n}\n<\/style>\n\t<\/div>\n\t\n<a class=\"button primary\"  >\n\t\t<span>Consultas<\/span>\n\t<\/a>\n\n\n\n\t\t<\/div>\n\t\t\t\t\t<\/div>\n\n\t\n\n<\/div>\n<div class=\"row\"  id=\"row-1609175562\">\n\n\n\t<div id=\"col-1516507436\" class=\"col medium-3 small-6 large-3\"  >\n\t\t\t\t<div class=\"col-inner\"  >\n\t\t\t\n\t\t\t\n\n\t<div class=\"img has-hover x md-x lg-x y md-y lg-y\" id=\"image_1102361256\">\n\t\t\t\t\t\t\t\t<div class=\"img-inner dark\" >\n\t\t\t<img loading=\"lazy\" decoding=\"async\" width=\"533\" height=\"800\" src=\"https:\/\/dronecleaner-latam.com\/wp-content\/uploads\/2025\/09\/Rectangle-34-2-533x800.png\" class=\"attachment-large size-large\" alt=\"\" srcset=\"https:\/\/dronecleaner-latam.com\/wp-content\/uploads\/2025\/09\/Rectangle-34-2-533x800.png 533w, https:\/\/dronecleaner-latam.com\/wp-content\/uploads\/2025\/09\/Rectangle-34-2-267x400.png 267w, https:\/\/dronecleaner-latam.com\/wp-content\/uploads\/2025\/09\/Rectangle-34-2-768x1152.png 768w, https:\/\/dronecleaner-latam.com\/wp-content\/uploads\/2025\/09\/Rectangle-34-2-1024x1536.png 1024w, https:\/\/dronecleaner-latam.com\/wp-content\/uploads\/2025\/09\/Rectangle-34-2-1365x2048.png 1365w, https:\/\/dronecleaner-latam.com\/wp-content\/uploads\/2025\/09\/Rectangle-34-2-8x12.png 8w\" sizes=\"auto, (max-width: 533px) 100vw, 533px\" \/>\t\t\t\t\t\t\n\t\t\t\t\t<\/div>\n\t\t\t\t\t\t\t\t\n<style>\n#image_1102361256 {\n  width: 100%;\n}\n<\/style>\n\t<\/div>\n\t\n\n\n\t\t<\/div>\n\t\t\t\t\t<\/div>\n\n\t\n\n\t<div id=\"col-1932835108\" class=\"col medium-3 small-6 large-3\"  >\n\t\t\t\t<div class=\"col-inner\"  >\n\t\t\t\n\t\t\t\n\n\t<div class=\"img has-hover x md-x lg-x y md-y lg-y\" id=\"image_711220199\">\n\t\t\t\t\t\t\t\t<div class=\"img-inner dark\" >\n\t\t\t<img loading=\"lazy\" decoding=\"async\" width=\"533\" height=\"800\" src=\"https:\/\/dronecleaner-latam.com\/wp-content\/uploads\/2025\/09\/Rectangle-35-2-533x800.png\" class=\"attachment-large size-large\" alt=\"\" srcset=\"https:\/\/dronecleaner-latam.com\/wp-content\/uploads\/2025\/09\/Rectangle-35-2-533x800.png 533w, https:\/\/dronecleaner-latam.com\/wp-content\/uploads\/2025\/09\/Rectangle-35-2-267x400.png 267w, https:\/\/dronecleaner-latam.com\/wp-content\/uploads\/2025\/09\/Rectangle-35-2-768x1152.png 768w, https:\/\/dronecleaner-latam.com\/wp-content\/uploads\/2025\/09\/Rectangle-35-2-1024x1536.png 1024w, https:\/\/dronecleaner-latam.com\/wp-content\/uploads\/2025\/09\/Rectangle-35-2-1365x2048.png 1365w, https:\/\/dronecleaner-latam.com\/wp-content\/uploads\/2025\/09\/Rectangle-35-2-8x12.png 8w\" sizes=\"auto, (max-width: 533px) 100vw, 533px\" \/>\t\t\t\t\t\t\n\t\t\t\t\t<\/div>\n\t\t\t\t\t\t\t\t\n<style>\n#image_711220199 {\n  width: 100%;\n}\n<\/style>\n\t<\/div>\n\t\n\n\n\t\t<\/div>\n\t\t\t\t\t<\/div>\n\n\t\n\n\t<div id=\"col-150264419\" class=\"col medium-3 small-6 large-3\"  >\n\t\t\t\t<div class=\"col-inner\"  >\n\t\t\t\n\t\t\t\n\n\t<div class=\"img has-hover x md-x lg-x y md-y lg-y\" id=\"image_809313934\">\n\t\t\t\t\t\t\t\t<div class=\"img-inner dark\" >\n\t\t\t<img loading=\"lazy\" decoding=\"async\" width=\"533\" height=\"800\" src=\"https:\/\/dronecleaner-latam.com\/wp-content\/uploads\/2025\/09\/Rectangle-28-2-533x800.png\" class=\"attachment-large size-large\" alt=\"\" srcset=\"https:\/\/dronecleaner-latam.com\/wp-content\/uploads\/2025\/09\/Rectangle-28-2-533x800.png 533w, https:\/\/dronecleaner-latam.com\/wp-content\/uploads\/2025\/09\/Rectangle-28-2-267x400.png 267w, https:\/\/dronecleaner-latam.com\/wp-content\/uploads\/2025\/09\/Rectangle-28-2-768x1152.png 768w, https:\/\/dronecleaner-latam.com\/wp-content\/uploads\/2025\/09\/Rectangle-28-2-1024x1536.png 1024w, https:\/\/dronecleaner-latam.com\/wp-content\/uploads\/2025\/09\/Rectangle-28-2-1365x2048.png 1365w, https:\/\/dronecleaner-latam.com\/wp-content\/uploads\/2025\/09\/Rectangle-28-2-8x12.png 8w\" sizes=\"auto, (max-width: 533px) 100vw, 533px\" \/>\t\t\t\t\t\t\n\t\t\t\t\t<\/div>\n\t\t\t\t\t\t\t\t\n<style>\n#image_809313934 {\n  width: 100%;\n}\n<\/style>\n\t<\/div>\n\t\n\n\n\t\t<\/div>\n\t\t\t\t\t<\/div>\n\n\t\n\n\t<div id=\"col-1541201524\" class=\"col medium-3 small-6 large-3\"  >\n\t\t\t\t<div class=\"col-inner\"  >\n\t\t\t\n\t\t\t\n\n\t<div class=\"img has-hover x md-x lg-x y md-y lg-y\" id=\"image_1545760631\">\n\t\t\t\t\t\t\t\t<div class=\"img-inner dark\" >\n\t\t\t<img loading=\"lazy\" decoding=\"async\" width=\"533\" height=\"800\" src=\"https:\/\/dronecleaner-latam.com\/wp-content\/uploads\/2025\/09\/Rectangle-35-5-533x800.png\" class=\"attachment-large size-large\" alt=\"\" srcset=\"https:\/\/dronecleaner-latam.com\/wp-content\/uploads\/2025\/09\/Rectangle-35-5-533x800.png 533w, https:\/\/dronecleaner-latam.com\/wp-content\/uploads\/2025\/09\/Rectangle-35-5-267x400.png 267w, https:\/\/dronecleaner-latam.com\/wp-content\/uploads\/2025\/09\/Rectangle-35-5-768x1152.png 768w, https:\/\/dronecleaner-latam.com\/wp-content\/uploads\/2025\/09\/Rectangle-35-5-1024x1536.png 1024w, https:\/\/dronecleaner-latam.com\/wp-content\/uploads\/2025\/09\/Rectangle-35-5-1365x2048.png 1365w, https:\/\/dronecleaner-latam.com\/wp-content\/uploads\/2025\/09\/Rectangle-35-5-8x12.png 8w\" sizes=\"auto, (max-width: 533px) 100vw, 533px\" \/>\t\t\t\t\t\t\n\t\t\t\t\t<\/div>\n\t\t\t\t\t\t\t\t\n<style>\n#image_1545760631 {\n  width: 100%;\n}\n<\/style>\n\t<\/div>\n\t\n\n\n\t\t<\/div>\n\t\t\t\t\t<\/div>\n\n\t\n\n<\/div>\n<div class=\"row\"  id=\"row-1432542650\">\n\n\n\t<div id=\"col-363149369\" class=\"col medium-3 small-6 large-3\"  >\n\t\t\t\t<div class=\"col-inner\"  >\n\t\t\t\n\t\t\t\n\n\t<div class=\"img has-hover x md-x lg-x y md-y lg-y\" id=\"image_1236384465\">\n\t\t\t\t\t\t\t\t<div class=\"img-inner dark\" >\n\t\t\t<img loading=\"lazy\" decoding=\"async\" width=\"533\" height=\"800\" src=\"https:\/\/dronecleaner-latam.com\/wp-content\/uploads\/2025\/09\/Rectangle-31-6-533x800.png\" class=\"attachment-large size-large\" alt=\"\" srcset=\"https:\/\/dronecleaner-latam.com\/wp-content\/uploads\/2025\/09\/Rectangle-31-6-533x800.png 533w, https:\/\/dronecleaner-latam.com\/wp-content\/uploads\/2025\/09\/Rectangle-31-6-267x400.png 267w, https:\/\/dronecleaner-latam.com\/wp-content\/uploads\/2025\/09\/Rectangle-31-6-768x1152.png 768w, https:\/\/dronecleaner-latam.com\/wp-content\/uploads\/2025\/09\/Rectangle-31-6-1024x1536.png 1024w, https:\/\/dronecleaner-latam.com\/wp-content\/uploads\/2025\/09\/Rectangle-31-6-1365x2048.png 1365w, https:\/\/dronecleaner-latam.com\/wp-content\/uploads\/2025\/09\/Rectangle-31-6-8x12.png 8w\" sizes=\"auto, (max-width: 533px) 100vw, 533px\" \/>\t\t\t\t\t\t\n\t\t\t\t\t<\/div>\n\t\t\t\t\t\t\t\t\n<style>\n#image_1236384465 {\n  width: 100%;\n}\n<\/style>\n\t<\/div>\n\t\n\n\n\t\t<\/div>\n\t\t\t\t\t<\/div>\n\n\t\n\n\t<div id=\"col-664637541\" class=\"col medium-3 small-6 large-3\"  >\n\t\t\t\t<div class=\"col-inner\"  >\n\t\t\t\n\t\t\t\n\n\t<div class=\"img has-hover x md-x lg-x y md-y lg-y\" id=\"image_1457790176\">\n\t\t\t\t\t\t\t\t<div class=\"img-inner dark\" >\n\t\t\t<img loading=\"lazy\" decoding=\"async\" width=\"533\" height=\"800\" src=\"https:\/\/dronecleaner-latam.com\/wp-content\/uploads\/2025\/09\/Rectangle-32-5-533x800.png\" class=\"attachment-large size-large\" alt=\"\" srcset=\"https:\/\/dronecleaner-latam.com\/wp-content\/uploads\/2025\/09\/Rectangle-32-5-533x800.png 533w, https:\/\/dronecleaner-latam.com\/wp-content\/uploads\/2025\/09\/Rectangle-32-5-267x400.png 267w, https:\/\/dronecleaner-latam.com\/wp-content\/uploads\/2025\/09\/Rectangle-32-5-768x1152.png 768w, https:\/\/dronecleaner-latam.com\/wp-content\/uploads\/2025\/09\/Rectangle-32-5-1024x1536.png 1024w, https:\/\/dronecleaner-latam.com\/wp-content\/uploads\/2025\/09\/Rectangle-32-5-1365x2048.png 1365w, https:\/\/dronecleaner-latam.com\/wp-content\/uploads\/2025\/09\/Rectangle-32-5-8x12.png 8w\" sizes=\"auto, (max-width: 533px) 100vw, 533px\" \/>\t\t\t\t\t\t\n\t\t\t\t\t<\/div>\n\t\t\t\t\t\t\t\t\n<style>\n#image_1457790176 {\n  width: 100%;\n}\n<\/style>\n\t<\/div>\n\t\n\n\n\t\t<\/div>\n\t\t\t\t\t<\/div>\n\n\t\n\n\t<div id=\"col-680291688\" class=\"col medium-3 small-6 large-3\"  >\n\t\t\t\t<div class=\"col-inner\"  >\n\t\t\t\n\t\t\t\n\n\t<div class=\"img has-hover x md-x lg-x y md-y lg-y\" id=\"image_1422032960\">\n\t\t\t\t\t\t\t\t<div class=\"img-inner dark\" >\n\t\t\t<img loading=\"lazy\" decoding=\"async\" width=\"533\" height=\"800\" src=\"https:\/\/dronecleaner-latam.com\/wp-content\/uploads\/2025\/09\/Rectangle-33-2-533x800.png\" class=\"attachment-large size-large\" alt=\"\" srcset=\"https:\/\/dronecleaner-latam.com\/wp-content\/uploads\/2025\/09\/Rectangle-33-2-533x800.png 533w, https:\/\/dronecleaner-latam.com\/wp-content\/uploads\/2025\/09\/Rectangle-33-2-267x400.png 267w, https:\/\/dronecleaner-latam.com\/wp-content\/uploads\/2025\/09\/Rectangle-33-2-768x1152.png 768w, https:\/\/dronecleaner-latam.com\/wp-content\/uploads\/2025\/09\/Rectangle-33-2-1024x1536.png 1024w, https:\/\/dronecleaner-latam.com\/wp-content\/uploads\/2025\/09\/Rectangle-33-2-1365x2048.png 1365w, https:\/\/dronecleaner-latam.com\/wp-content\/uploads\/2025\/09\/Rectangle-33-2-8x12.png 8w\" sizes=\"auto, (max-width: 533px) 100vw, 533px\" \/>\t\t\t\t\t\t\n\t\t\t\t\t<\/div>\n\t\t\t\t\t\t\t\t\n<style>\n#image_1422032960 {\n  width: 100%;\n}\n<\/style>\n\t<\/div>\n\t\n\n\n\t\t<\/div>\n\t\t\t\t\t<\/div>\n\n\t\n\n\t<div id=\"col-1042065670\" class=\"col medium-3 small-6 large-3\"  >\n\t\t\t\t<div class=\"col-inner\"  >\n\t\t\t\n\t\t\t\n\n\t<div class=\"img has-hover x md-x lg-x y md-y lg-y\" id=\"image_1850918051\">\n\t\t\t\t\t\t\t\t<div class=\"img-inner dark\" >\n\t\t\t<img loading=\"lazy\" decoding=\"async\" width=\"533\" height=\"800\" src=\"https:\/\/dronecleaner-latam.com\/wp-content\/uploads\/2025\/09\/Rectangle-29-2-533x800.png\" class=\"attachment-large size-large\" alt=\"\" srcset=\"https:\/\/dronecleaner-latam.com\/wp-content\/uploads\/2025\/09\/Rectangle-29-2-533x800.png 533w, https:\/\/dronecleaner-latam.com\/wp-content\/uploads\/2025\/09\/Rectangle-29-2-267x400.png 267w, https:\/\/dronecleaner-latam.com\/wp-content\/uploads\/2025\/09\/Rectangle-29-2-768x1152.png 768w, https:\/\/dronecleaner-latam.com\/wp-content\/uploads\/2025\/09\/Rectangle-29-2-1024x1536.png 1024w, https:\/\/dronecleaner-latam.com\/wp-content\/uploads\/2025\/09\/Rectangle-29-2-1365x2048.png 1365w, https:\/\/dronecleaner-latam.com\/wp-content\/uploads\/2025\/09\/Rectangle-29-2-8x12.png 8w\" sizes=\"auto, (max-width: 533px) 100vw, 533px\" \/>\t\t\t\t\t\t\n\t\t\t\t\t<\/div>\n\t\t\t\t\t\t\t\t\n<style>\n#image_1850918051 {\n  width: 100%;\n}\n<\/style>\n\t<\/div>\n\t\n\n\n\t\t<\/div>\n\t\t\t\t\t<\/div>\n\n\t\n\n<\/div>\n<div class=\"row show-for-medium\"  id=\"row-392619900\">\n\n\n\t<div id=\"col-1206106735\" class=\"col medium-6 small-12 large-6\"  >\n\t\t\t\t<div class=\"col-inner\"  >\n\t\t\t\n\t\t\t\n\n\t<div id=\"text-1450511547\" class=\"text\">\n\t\t\n\n<p>We are providing the service with specialized equipment and properly trained personnel, and shot by the FAC. To perform exterior cleaning such as facades or glass using the right products to corde to the weather situation.<\/p>\n\t\t\n<style>\n#text-1450511547 {\n  font-size: 1.4rem;\n  text-align: center;\n  color: #111111;\n}\n#text-1450511547 > * {\n  color: #111111;\n}\n<\/style>\n\t<\/div>\n\t\n\n\t\t<\/div>\n\t\t\t\t\n<style>\n#col-1206106735 > .col-inner {\n  margin: 20px 0px 0px 0px;\n}\n<\/style>\n\t<\/div>\n\n\t\n\n\t<div id=\"col-251565865\" class=\"col medium-6 small-12 large-6\"  >\n\t\t\t\t<div class=\"col-inner text-left\"  >\n\t\t\t\n\t\t\t\n\n<h4>1. Washing of facades of buildings.<\/h4>\n<p>Such cleaning is used to remove layers of dirt, and bacteria ( fungi ) that affect the architecture and its image.<\/p>\n<h4>2. Cleaning crystals.<\/h4>\n<p>This service is adapting to the needs of the locality of either salinity ( beaches ) , acid rain ( cities ) ,snow,etc to clean them and leave them in a good state.<\/p>\n<h4>3. Cleaning of turbines areolicas.<\/h4>\n<p>In such a service it is necessary to Clean the blades for better performance and productivity.<\/p>\n<h4>4. Cleaning of solar panels.<\/h4>\n<p>In that cleaning it is to care to remove the contamination ( dust ) in the panels and improve your performance.<\/p>\n<h4>5. Cleaning of aircraft.<\/h4>\n<p>In this service consists of the external cleaning of the structure of any type of aircraft regardless of its size without running the risk of damage to the aircraft by removing any kind of dirt to a better performance of flight.<\/p>\n<h4>6. Cleaning of spectacular.<\/h4>\n<p>Extensive cleaning in area where they do not have good access such as domes or cylindrical structures.<\/p>\n<h4>7. Cleaning stages.<\/p>\n<p>This work consists of cleaning, particularly of trade name and bright such as hotels and shopping malls.<\/p>\n<\/h4>\n<h4>8. Cleaning of signs on structures.<\/h4>\n<p>the cleaning consists to improve the image of the ad is presented in the large format.<\/p>\n\n\t\t<\/div>\n\t\t\t\t\n<style>\n#col-251565865 > .col-inner {\n  padding: 0px 0px 0px 0px;\n}\n@media (min-width:550px) {\n  #col-251565865 > .col-inner {\n    padding: 0px 0px 0px 100px;\n  }\n}\n<\/style>\n\t<\/div>\n\n\t\n\n<\/div>","protected":false},"excerpt":{"rendered":"","protected":false},"author":4,"featured_media":620,"parent":0,"menu_order":0,"comment_status":"closed","ping_status":"closed","template":"page-transparent-header-light.php","meta":{"_joinchat":[],"footnotes":""},"class_list":["post-1030","page","type-page","status-publish","has-post-thumbnail","hentry"],"yoast_head":"<!-- This site is optimized with the Yoast SEO plugin v25.9 - https:\/\/yoast.com\/wordpress\/plugins\/seo\/ -->\n<title>Franquicias | Drone Cleaner<\/title>\n<meta name=\"description\" content=\"Conozcan ustedes nuestra franquicia y tengan acceso a un negocio novedoso, seguro y con excelentes utilidades.\" \/>\n<meta name=\"robots\" content=\"index, follow, max-snippet:-1, max-image-preview:large, max-video-preview:-1\" \/>\n<link rel=\"canonical\" href=\"https:\/\/dronecleaner-latam.com\/en\/franquicias\/\" \/>\n<meta property=\"og:locale\" content=\"en_US\" \/>\n<meta property=\"og:type\" content=\"article\" \/>\n<meta property=\"og:title\" content=\"Franquicias | Drone Cleaner\" \/>\n<meta property=\"og:description\" content=\"Conozcan ustedes nuestra franquicia y tengan acceso a un negocio novedoso, seguro y con excelentes utilidades.\" \/>\n<meta property=\"og:url\" content=\"https:\/\/dronecleaner-latam.com\/en\/franquicias\/\" \/>\n<meta property=\"og:site_name\" content=\"Dronecleaner\" \/>\n<meta property=\"article:modified_time\" content=\"2025-09-17T00:01:13+00:00\" \/>\n<meta property=\"og:image\" content=\"https:\/\/dronecleaner-latam.com\/wp-content\/uploads\/2023\/09\/fondo.jpg\" \/>\n\t<meta property=\"og:image:width\" content=\"180\" \/>\n\t<meta property=\"og:image:height\" content=\"164\" \/>\n\t<meta property=\"og:image:type\" content=\"image\/jpeg\" \/>\n<meta name=\"twitter:card\" content=\"summary_large_image\" \/>\n<meta name=\"twitter:label1\" content=\"Est. reading time\" \/>\n\t<meta name=\"twitter:data1\" content=\"3 minutes\" \/>\n<script type=\"application\/ld+json\" class=\"yoast-schema-graph\">{\"@context\":\"https:\/\/schema.org\",\"@graph\":[{\"@type\":\"WebPage\",\"@id\":\"https:\/\/dronecleaner-latam.com\/franquicias\/\",\"url\":\"https:\/\/dronecleaner-latam.com\/franquicias\/\",\"name\":\"Franquicias | Drone Cleaner\",\"isPartOf\":{\"@id\":\"https:\/\/dronecleaner-latam.com\/#website\"},\"primaryImageOfPage\":{\"@id\":\"https:\/\/dronecleaner-latam.com\/franquicias\/#primaryimage\"},\"image\":{\"@id\":\"https:\/\/dronecleaner-latam.com\/franquicias\/#primaryimage\"},\"thumbnailUrl\":\"https:\/\/dronecleaner-latam.com\/wp-content\/uploads\/2023\/09\/fondo.jpg\",\"datePublished\":\"2024-07-25T17:02:22+00:00\",\"dateModified\":\"2025-09-17T00:01:13+00:00\",\"description\":\"Conozcan ustedes nuestra franquicia y tengan acceso a un negocio novedoso, seguro y con excelentes utilidades.\",\"breadcrumb\":{\"@id\":\"https:\/\/dronecleaner-latam.com\/franquicias\/#breadcrumb\"},\"inLanguage\":\"en-US\",\"potentialAction\":[{\"@type\":\"ReadAction\",\"target\":[\"https:\/\/dronecleaner-latam.com\/franquicias\/\"]}]},{\"@type\":\"ImageObject\",\"inLanguage\":\"en-US\",\"@id\":\"https:\/\/dronecleaner-latam.com\/franquicias\/#primaryimage\",\"url\":\"https:\/\/dronecleaner-latam.com\/wp-content\/uploads\/2023\/09\/fondo.jpg\",\"contentUrl\":\"https:\/\/dronecleaner-latam.com\/wp-content\/uploads\/2023\/09\/fondo.jpg\",\"width\":180,\"height\":164},{\"@type\":\"BreadcrumbList\",\"@id\":\"https:\/\/dronecleaner-latam.com\/franquicias\/#breadcrumb\",\"itemListElement\":[{\"@type\":\"ListItem\",\"position\":1,\"name\":\"Inicio\",\"item\":\"https:\/\/dronecleaner-latam.com\/\"},{\"@type\":\"ListItem\",\"position\":2,\"name\":\"Franquicias\"}]},{\"@type\":\"WebSite\",\"@id\":\"https:\/\/dronecleaner-latam.com\/#website\",\"url\":\"https:\/\/dronecleaner-latam.com\/\",\"name\":\"Dronecleaner\",\"description\":\"Nuestro equipo de drones equipados con avanzados sistemas de limpieza realiza tareas de limpieza a\u00e9rea, abordando \u00e1reas de dif\u00edcil acceso y proporcionando soluciones r\u00e1pidas\",\"potentialAction\":[{\"@type\":\"SearchAction\",\"target\":{\"@type\":\"EntryPoint\",\"urlTemplate\":\"https:\/\/dronecleaner-latam.com\/?s={search_term_string}\"},\"query-input\":{\"@type\":\"PropertyValueSpecification\",\"valueRequired\":true,\"valueName\":\"search_term_string\"}}],\"inLanguage\":\"en-US\"}]}<\/script>\n<!-- \/ Yoast SEO plugin. -->","yoast_head_json":{"title":"Franquicias | Drone Cleaner","description":"Conozcan ustedes nuestra franquicia y tengan acceso a un negocio novedoso, seguro y con excelentes utilidades.","robots":{"index":"index","follow":"follow","max-snippet":"max-snippet:-1","max-image-preview":"max-image-preview:large","max-video-preview":"max-video-preview:-1"},"canonical":"https:\/\/dronecleaner-latam.com\/en\/franquicias\/","og_locale":"en_US","og_type":"article","og_title":"Franquicias | Drone Cleaner","og_description":"Conozcan ustedes nuestra franquicia y tengan acceso a un negocio novedoso, seguro y con excelentes utilidades.","og_url":"https:\/\/dronecleaner-latam.com\/en\/franquicias\/","og_site_name":"Dronecleaner","article_modified_time":"2025-09-17T00:01:13+00:00","og_image":[{"width":180,"height":164,"url":"https:\/\/dronecleaner-latam.com\/wp-content\/uploads\/2023\/09\/fondo.jpg","type":"image\/jpeg"}],"twitter_card":"summary_large_image","twitter_misc":{"Est. reading time":"3 minutes"},"schema":{"@context":"https:\/\/schema.org","@graph":[{"@type":"WebPage","@id":"https:\/\/dronecleaner-latam.com\/franquicias\/","url":"https:\/\/dronecleaner-latam.com\/franquicias\/","name":"Franquicias | Drone Cleaner","isPartOf":{"@id":"https:\/\/dronecleaner-latam.com\/#website"},"primaryImageOfPage":{"@id":"https:\/\/dronecleaner-latam.com\/franquicias\/#primaryimage"},"image":{"@id":"https:\/\/dronecleaner-latam.com\/franquicias\/#primaryimage"},"thumbnailUrl":"https:\/\/dronecleaner-latam.com\/wp-content\/uploads\/2023\/09\/fondo.jpg","datePublished":"2024-07-25T17:02:22+00:00","dateModified":"2025-09-17T00:01:13+00:00","description":"Conozcan ustedes nuestra franquicia y tengan acceso a un negocio novedoso, seguro y con excelentes utilidades.","breadcrumb":{"@id":"https:\/\/dronecleaner-latam.com\/franquicias\/#breadcrumb"},"inLanguage":"en-US","potentialAction":[{"@type":"ReadAction","target":["https:\/\/dronecleaner-latam.com\/franquicias\/"]}]},{"@type":"ImageObject","inLanguage":"en-US","@id":"https:\/\/dronecleaner-latam.com\/franquicias\/#primaryimage","url":"https:\/\/dronecleaner-latam.com\/wp-content\/uploads\/2023\/09\/fondo.jpg","contentUrl":"https:\/\/dronecleaner-latam.com\/wp-content\/uploads\/2023\/09\/fondo.jpg","width":180,"height":164},{"@type":"BreadcrumbList","@id":"https:\/\/dronecleaner-latam.com\/franquicias\/#breadcrumb","itemListElement":[{"@type":"ListItem","position":1,"name":"Inicio","item":"https:\/\/dronecleaner-latam.com\/"},{"@type":"ListItem","position":2,"name":"Franquicias"}]},{"@type":"WebSite","@id":"https:\/\/dronecleaner-latam.com\/#website","url":"https:\/\/dronecleaner-latam.com\/","name":"Dronecleaner","description":"Nuestro equipo de drones equipados con avanzados sistemas de limpieza realiza tareas de limpieza a\u00e9rea, abordando \u00e1reas de dif\u00edcil acceso y proporcionando soluciones r\u00e1pidas","potentialAction":[{"@type":"SearchAction","target":{"@type":"EntryPoint","urlTemplate":"https:\/\/dronecleaner-latam.com\/?s={search_term_string}"},"query-input":{"@type":"PropertyValueSpecification","valueRequired":true,"valueName":"search_term_string"}}],"inLanguage":"en-US"}]}},"_links":{"self":[{"href":"https:\/\/dronecleaner-latam.com\/en\/wp-json\/wp\/v2\/pages\/1030","targetHints":{"allow":["GET"]}}],"collection":[{"href":"https:\/\/dronecleaner-latam.com\/en\/wp-json\/wp\/v2\/pages"}],"about":[{"href":"https:\/\/dronecleaner-latam.com\/en\/wp-json\/wp\/v2\/types\/page"}],"author":[{"embeddable":true,"href":"https:\/\/dronecleaner-latam.com\/en\/wp-json\/wp\/v2\/users\/4"}],"replies":[{"embeddable":true,"href":"https:\/\/dronecleaner-latam.com\/en\/wp-json\/wp\/v2\/comments?post=1030"}],"version-history":[{"count":8,"href":"https:\/\/dronecleaner-latam.com\/en\/wp-json\/wp\/v2\/pages\/1030\/revisions"}],"predecessor-version":[{"id":1155,"href":"https:\/\/dronecleaner-latam.com\/en\/wp-json\/wp\/v2\/pages\/1030\/revisions\/1155"}],"wp:featuredmedia":[{"embeddable":true,"href":"https:\/\/dronecleaner-latam.com\/en\/wp-json\/wp\/v2\/media\/620"}],"wp:attachment":[{"href":"https:\/\/dronecleaner-latam.com\/en\/wp-json\/wp\/v2\/media?parent=1030"}],"curies":[{"name":"wp","href":"https:\/\/api.w.org\/{rel}","templated":true}]}}